{"id":89500,"date":"2021-11-17T06:13:44","date_gmt":"2021-11-17T05:13:44","guid":{"rendered":"https:\/\/embroiderydownload.com\/product\/inter-milan-new-logo-embroidery-design-download\/"},"modified":"2023-03-23T14:22:39","modified_gmt":"2023-03-23T13:22:39","slug":"inter-milan-new-logo-embroidery-design-download","status":"publish","type":"product","link":"https:\/\/embroiderydownload.com\/fr\/products\/inter-milan-new-logo-embroidery-design-download\/","title":{"rendered":"Inter Milan new logo Embroidery Design Download"},"content":{"rendered":"<p>&nbsp;<\/p>\n<p>Inter Milan nouveau logo \u00e9quipe italienne de football de Calcio.\u00a0<b>F.C. Internazionale Milano\u00a0<\/b>Telechargement Instantane \u00e0 T\u00e9l\u00e9charger Motifs De Broderie Machine \u00e0 T\u00e9l\u00e9charger.<\/p>\n<p>&nbsp;<\/p>\n<p>Taille : 3,45 x 3,45 inch -87,80 x 87,80 mm. - Stiches 12595<\/p>\n<p>&nbsp;<\/p>\n<p>\u2605 Formats qui seront inclus dans un fichier ZIP lors de l'achat :<\/p>\n<ul>\n<li>Deco, Brother, Baby Lock : <strong>PEC, PES<\/strong><\/li>\n<li>Husqvarna, Viking : <strong>HUS<\/strong><\/li>\n<li>Janome, Elna, Kenmore : <strong>JEF<\/strong><\/li>\n<li>Melco : <strong>EXP<\/strong><\/li>\n<li>Elna<strong>: EMD<\/strong><\/li>\n<li>Compucon, Singer : <strong>XXX<\/strong><\/li>\n<li>Tajima : <strong>DST<\/strong><\/li>\n<li>Pfaff :<b> VIP, VP3<\/b><\/li>\n<\/ul>\n<p><strong><\/strong><\/p>","protected":false},"excerpt":{"rendered":"<style>.elementor-204929 .elementor-element.elementor-element-95a9a0b{margin-top:0px;margin-bottom:0px;padding:0px 0px 0px 0px;overflow:visible;}.elementor-204929 .elementor-element.elementor-element-84e32b5 > .elementor-element-populated{margin:0px 0px 0px 0px;--e-column-margin-right:0px;--e-column-margin-left:0px;padding:0px 0px 0px 0px;}.elementor-204929 .elementor-element.elementor-element-4e302eb{text-align:left;}<\/style>\n<div class=\"porto-block elementor elementor-204929\" data-id=\"204929\">\n<section class=\"elementor-section elementor-top-section elementor-element elementor-element-95a9a0b elementor-section-full_width elementor-section-height-default elementor-section-height-default\" data-id=\"95a9a0b\" data-element_type=\"section\" data-settings=\"{&quot;ekit_has_onepagescroll_dot&quot;:&quot;yes&quot;}\">\n<div class=\"elementor-container elementor-column-gap-default\">\n<div class=\"elementor-column elementor-col-100 elementor-top-column elementor-element elementor-element-84e32b5\" data-id=\"84e32b5\" data-element_type=\"column\">\n<div class=\"elementor-widget-wrap elementor-element-populated\">\n<div class=\"elementor-element elementor-element-4e302eb elementor-widget elementor-widget-image\" data-id=\"4e302eb\" data-element_type=\"widget\" data-settings=\"{&quot;ekit_we_effect_on&quot;:&quot;none&quot;}\" data-widget_type=\"image.default\">\n<div class=\"elementor-widget-container\">\n<style>\/*! elementor - v3.12.1 - 02-04-2023 *\/\n.elementor-widget-image{text-align:center}.elementor-widget-image a{display:inline-block}.elementor-widget-image a img[src$=\".svg\"]{width:48px}.elementor-widget-image img{vertical-align:middle;display:inline-block}<\/style>\n<p>\t\t\t\t\t\t\t\t\t\t\t\t<img decoding=\"async\" width=\"300\" height=\"84\" src=\"https:\/\/embroiderydownload.com\/wp-content\/uploads\/2022\/11\/icons-values-eng.svg\" class=\"attachment-large size-large wp-image-204901\" alt=\"\" loading=\"lazy\" \/>\t\t\t\t\t\t\t\t\t\t\t\t\t\t\t<\/div>\n<\/p><\/div>\n<\/p><\/div>\n<\/p><\/div>\n<\/p><\/div>\n<\/section><\/div>","protected":false},"featured_media":89501,"template":"","meta":[],"product_cat":[12158],"product_tag":[154,70,51,860,155,52,861,69],"yoast_head":"<!-- This site is optimized with the Yoast SEO plugin v17.5 - https:\/\/yoast.com\/wordpress\/plugins\/seo\/ -->\n<title>Inter Milan new logo Embroidery Design Download - EmbroideryDownload<\/title>\n<meta name=\"description\" content=\"Download the new Inter Milan logo embroidery design today and elevate your fashion game!\" \/>\n<meta name=\"robots\" content=\"index, follow, max-snippet:-1, max-image-preview:large, max-video-preview:-1\" \/>\n<link rel=\"canonical\" href=\"https:\/\/embroiderydownload.com\/fr\/products\/inter-milan-new-logo-embroidery-design-download\/\" \/>\n<meta property=\"og:locale\" content=\"fr_FR\" \/>\n<meta property=\"og:type\" content=\"article\" \/>\n<meta property=\"og:title\" content=\"Inter Milan new logo Embroidery Design Download - EmbroideryDownload\" \/>\n<meta property=\"og:description\" content=\"Download the new Inter Milan logo embroidery design today and elevate your fashion game!\" \/>\n<meta property=\"og:url\" content=\"https:\/\/embroiderydownload.com\/fr\/products\/inter-milan-new-logo-embroidery-design-download\/\" \/>\n<meta property=\"og:site_name\" content=\"EmbroideryDownload\" \/>\n<meta property=\"article:modified_time\" content=\"2023-03-23T13:22:39+00:00\" \/>\n<meta property=\"og:image\" content=\"https:\/\/embroiderydownload.com\/wp-content\/uploads\/2021\/10\/Inter-Milan-new-logo-1-2.jpg\" \/>\n\t<meta property=\"og:image:width\" content=\"800\" \/>\n\t<meta property=\"og:image:height\" content=\"800\" \/>\n<meta name=\"twitter:card\" content=\"summary_large_image\" \/>\n<meta name=\"twitter:label1\" content=\"Prix\" \/>\n\t<meta name=\"twitter:data1\" content=\"&euro;2.99\" \/>\n\t<meta name=\"twitter:label2\" content=\"Availability\" \/>\n\t<meta name=\"twitter:data2\" content=\"In stock\" \/>\n<script type=\"application\/ld+json\" class=\"yoast-schema-graph\">{\"@context\":\"https:\/\/schema.org\",\"@graph\":[{\"@type\":\"WebSite\",\"@id\":\"https:\/\/embroiderydownload.com\/fr\/#website\",\"url\":\"https:\/\/embroiderydownload.com\/fr\/\",\"name\":\"EmbroideryDownload\",\"description\":\"Embroidery Designs Instant Digital Download\",\"potentialAction\":[{\"@type\":\"SearchAction\",\"target\":{\"@type\":\"EntryPoint\",\"urlTemplate\":\"https:\/\/embroiderydownload.com\/fr\/?s={search_term_string}\"},\"query-input\":\"required name=search_term_string\"}],\"inLanguage\":\"fr-FR\"},{\"@type\":\"ImageObject\",\"@id\":\"https:\/\/embroiderydownload.com\/products\/inter-milan-new-logo-embroidery-design-download\/#primaryimage\",\"inLanguage\":\"fr-FR\",\"url\":\"https:\/\/embroiderydownload.com\/wp-content\/uploads\/2021\/10\/Inter-Milan-new-logo-1-2.jpg\",\"contentUrl\":\"https:\/\/embroiderydownload.com\/wp-content\/uploads\/2021\/10\/Inter-Milan-new-logo-1-2.jpg\",\"width\":800,\"height\":800},{\"@type\":\"WebPage\",\"@id\":\"https:\/\/embroiderydownload.com\/products\/inter-milan-new-logo-embroidery-design-download\/#webpage\",\"url\":\"https:\/\/embroiderydownload.com\/products\/inter-milan-new-logo-embroidery-design-download\/\",\"name\":\"Inter Milan new logo Embroidery Design Download - EmbroideryDownload\",\"isPartOf\":{\"@id\":\"https:\/\/embroiderydownload.com\/fr\/#website\"},\"primaryImageOfPage\":{\"@id\":\"https:\/\/embroiderydownload.com\/products\/inter-milan-new-logo-embroidery-design-download\/#primaryimage\"},\"datePublished\":\"2021-11-17T05:13:44+00:00\",\"dateModified\":\"2023-03-23T13:22:39+00:00\",\"description\":\"Download the new Inter Milan logo embroidery design today and elevate your fashion game!\",\"breadcrumb\":{\"@id\":\"https:\/\/embroiderydownload.com\/products\/inter-milan-new-logo-embroidery-design-download\/#breadcrumb\"},\"inLanguage\":\"fr-FR\",\"potentialAction\":[{\"@type\":\"ReadAction\",\"target\":[\"https:\/\/embroiderydownload.com\/products\/inter-milan-new-logo-embroidery-design-download\/\"]}]},{\"@type\":\"BreadcrumbList\",\"@id\":\"https:\/\/embroiderydownload.com\/products\/inter-milan-new-logo-embroidery-design-download\/#breadcrumb\",\"itemListElement\":[{\"@type\":\"ListItem\",\"position\":1,\"name\":\"Shop\",\"item\":\"https:\/\/embroiderydownload.com\/it\/negozio-2\/\"},{\"@type\":\"ListItem\",\"position\":2,\"name\":\"Inter Milan new logo Embroidery Design Download\"}]}]}<\/script>\n<!-- \/ Yoast SEO plugin. -->","yoast_head_json":{"title":"Inter Milan new logo Embroidery Design Download - EmbroideryDownload","description":"Download the new Inter Milan logo embroidery design today and elevate your fashion game!","robots":{"index":"index","follow":"follow","max-snippet":"max-snippet:-1","max-image-preview":"max-image-preview:large","max-video-preview":"max-video-preview:-1"},"canonical":"https:\/\/embroiderydownload.com\/fr\/products\/inter-milan-new-logo-embroidery-design-download\/","og_locale":"fr_FR","og_type":"article","og_title":"Inter Milan new logo Embroidery Design Download - EmbroideryDownload","og_description":"Download the new Inter Milan logo embroidery design today and elevate your fashion game!","og_url":"https:\/\/embroiderydownload.com\/fr\/products\/inter-milan-new-logo-embroidery-design-download\/","og_site_name":"EmbroideryDownload","article_modified_time":"2023-03-23T13:22:39+00:00","og_image":[{"width":800,"height":800,"url":"https:\/\/embroiderydownload.com\/wp-content\/uploads\/2021\/10\/Inter-Milan-new-logo-1-2.jpg","type":"image\/jpeg"}],"twitter_card":"summary_large_image","twitter_misc":{"Prix":"&euro;2.99","Availability":"In stock"},"schema":{"@context":"https:\/\/schema.org","@graph":[{"@type":"WebSite","@id":"https:\/\/embroiderydownload.com\/fr\/#website","url":"https:\/\/embroiderydownload.com\/fr\/","name":"EmbroideryDownload","description":"Embroidery Designs Instant Digital Download","potentialAction":[{"@type":"SearchAction","target":{"@type":"EntryPoint","urlTemplate":"https:\/\/embroiderydownload.com\/fr\/?s={search_term_string}"},"query-input":"required name=search_term_string"}],"inLanguage":"fr-FR"},{"@type":"ImageObject","@id":"https:\/\/embroiderydownload.com\/products\/inter-milan-new-logo-embroidery-design-download\/#primaryimage","inLanguage":"fr-FR","url":"https:\/\/embroiderydownload.com\/wp-content\/uploads\/2021\/10\/Inter-Milan-new-logo-1-2.jpg","contentUrl":"https:\/\/embroiderydownload.com\/wp-content\/uploads\/2021\/10\/Inter-Milan-new-logo-1-2.jpg","width":800,"height":800},{"@type":"WebPage","@id":"https:\/\/embroiderydownload.com\/products\/inter-milan-new-logo-embroidery-design-download\/#webpage","url":"https:\/\/embroiderydownload.com\/products\/inter-milan-new-logo-embroidery-design-download\/","name":"Inter Milan new logo Embroidery Design Download - EmbroideryDownload","isPartOf":{"@id":"https:\/\/embroiderydownload.com\/fr\/#website"},"primaryImageOfPage":{"@id":"https:\/\/embroiderydownload.com\/products\/inter-milan-new-logo-embroidery-design-download\/#primaryimage"},"datePublished":"2021-11-17T05:13:44+00:00","dateModified":"2023-03-23T13:22:39+00:00","description":"Download the new Inter Milan logo embroidery design today and elevate your fashion game!","breadcrumb":{"@id":"https:\/\/embroiderydownload.com\/products\/inter-milan-new-logo-embroidery-design-download\/#breadcrumb"},"inLanguage":"fr-FR","potentialAction":[{"@type":"ReadAction","target":["https:\/\/embroiderydownload.com\/products\/inter-milan-new-logo-embroidery-design-download\/"]}]},{"@type":"BreadcrumbList","@id":"https:\/\/embroiderydownload.com\/products\/inter-milan-new-logo-embroidery-design-download\/#breadcrumb","itemListElement":[{"@type":"ListItem","position":1,"name":"Shop","item":"https:\/\/embroiderydownload.com\/it\/negozio-2\/"},{"@type":"ListItem","position":2,"name":"Inter Milan new logo Embroidery Design Download"}]}]}},"_links":{"self":[{"href":"https:\/\/embroiderydownload.com\/fr\/wp-json\/wp\/v2\/product\/89500"}],"collection":[{"href":"https:\/\/embroiderydownload.com\/fr\/wp-json\/wp\/v2\/product"}],"about":[{"href":"https:\/\/embroiderydownload.com\/fr\/wp-json\/wp\/v2\/types\/product"}],"version-history":[{"count":1,"href":"https:\/\/embroiderydownload.com\/fr\/wp-json\/wp\/v2\/product\/89500\/revisions"}],"predecessor-version":[{"id":199704,"href":"https:\/\/embroiderydownload.com\/fr\/wp-json\/wp\/v2\/product\/89500\/revisions\/199704"}],"wp:featuredmedia":[{"embeddable":true,"href":"https:\/\/embroiderydownload.com\/fr\/wp-json\/wp\/v2\/media\/89501"}],"wp:attachment":[{"href":"https:\/\/embroiderydownload.com\/fr\/wp-json\/wp\/v2\/media?parent=89500"}],"wp:term":[{"taxonomy":"product_cat","embeddable":true,"href":"https:\/\/embroiderydownload.com\/fr\/wp-json\/wp\/v2\/product_cat?post=89500"},{"taxonomy":"product_tag","embeddable":true,"href":"https:\/\/embroiderydownload.com\/fr\/wp-json\/wp\/v2\/product_tag?post=89500"}],"curies":[{"name":"wp","href":"https:\/\/api.w.org\/{rel}","templated":true}]}}