{"id":93210,"date":"2021-11-17T06:20:37","date_gmt":"2021-11-17T05:20:37","guid":{"rendered":"https:\/\/embroiderydownload.com\/product\/mastercard-embroidery-design-download\/"},"modified":"2024-02-28T15:41:23","modified_gmt":"2024-02-28T14:41:23","slug":"mastercard-embroidery-design-download","status":"publish","type":"product","link":"https:\/\/embroiderydownload.com\/fr\/products\/telechargement-du-motif-de-broderie-de-la-carte-mastercard\/","title":{"rendered":"Motifs de broderie de la carte MasterCard Download"},"content":{"rendered":"<p>&nbsp;<\/p>\n<p>Motif de broderie - Marque MasterCard - Syst\u00e8me de paiement Visa Master Card - T\u00e9l\u00e9chargement num\u00e9rique instantan\u00e9<\/p>\n<p>&nbsp;<\/p>\n<div>\u2605 Ceci\u00a0<strong>Pack logo MasterCard<\/strong>\u00a0Les motifs de broderie machine comprennent les mod\u00e8les suivants :<\/div>\n<div><\/div>\n<div>\n<table width=\"588\">\n<tbody>\n<tr>\n<td style=\"text-align: center;\"><\/td>\n<td style=\"text-align: center;\">\n<div><strong><strong>MC 1<\/strong><\/strong><\/div>\n<\/td>\n<td style=\"text-align: center;\">\n<div>\n<div><\/div>\n<\/div>\n<div><strong><strong><strong><strong>MC<\/strong><\/strong>\u00a02<\/strong><\/strong><\/div>\n<\/td>\n<td style=\"text-align: center;\">\n<div>\n<div><\/div>\n<\/div>\n<div><strong><strong><strong><strong>MC<\/strong><\/strong>\u00a03<\/strong><\/strong><\/div>\n<\/td>\n<td style=\"text-align: center;\">\n<div>\n<div><\/div>\n<\/div>\n<div><strong><strong><strong><strong>MC<\/strong><\/strong>\u00a04<\/strong><\/strong><\/div>\n<\/td>\n<td style=\"text-align: center;\">\n<div>\n<div><\/div>\n<\/div>\n<p><b><strong><strong>MC<\/strong><\/strong>\u00a05<\/b><\/td>\n<td style=\"text-align: center;\">\n<div>\n<div><\/div>\n<\/div>\n<div><strong><strong><strong><strong>MC<\/strong><\/strong>\u00a06<\/strong><\/strong><\/div>\n<\/td>\n<\/tr>\n<tr>\n<td style=\"text-align: center;\"><strong>Taille en pouces<\/strong><\/td>\n<td style=\"text-align: center;\">\n<div>2,94 x 1,78\u2032<\/div>\n<\/td>\n<td style=\"text-align: center;\">\n<div>3,89 x 2,35\u2032<\/div>\n<\/td>\n<td style=\"text-align: center;\">\n<div>4,33 x 2,61\u2032<\/div>\n<\/td>\n<td style=\"text-align: center;\">\n<div>4,72 x 2,84\u2032<\/div>\n<\/td>\n<td style=\"text-align: center;\">\n<div>5,50 x 3,32<\/div>\n<\/td>\n<td style=\"text-align: center;\">\n<div>6,30 x 3,79\u2032<\/div>\n<\/td>\n<\/tr>\n<tr>\n<td style=\"text-align: center;\"><strong>Taille mm.<\/strong><\/td>\n<td style=\"text-align: center;\">\n<div>74,7 x 45,30<\/div>\n<\/td>\n<td style=\"text-align: center;\">\n<div>98,8 x 59,6<\/div>\n<p>&nbsp;<\/td>\n<td style=\"text-align: center;\">\n<div>109,9 x 66,3<\/div>\n<\/td>\n<td style=\"text-align: center;\">\n<div>119,9 x 72,3<\/div>\n<\/td>\n<td style=\"text-align: center;\">\n<div>139,8 x 84,3<\/div>\n<\/td>\n<td style=\"text-align: center;\">\n<div>159,9 x 96,3<\/div>\n<\/td>\n<\/tr>\n<tr>\n<td style=\"text-align: center;\"><strong>Points de suture<\/strong><\/td>\n<td style=\"text-align: center;\">7359<\/td>\n<td style=\"text-align: center;\">12169<\/td>\n<td style=\"text-align: center;\">14746<\/td>\n<td style=\"text-align: center;\">17395<\/td>\n<td style=\"text-align: center;\">23833<\/td>\n<td style=\"text-align: center;\">30465<\/td>\n<\/tr>\n<\/tbody>\n<\/table>\n<\/div>\n<div><\/div>\n<p>&nbsp;<\/p>\n<p>\u2605 Formats qui seront inclus dans un fichier ZIP lors de l'achat :<\/p>\n<p>&nbsp;<\/p>\n<ul>\n<li><span style=\"line-height: 1.5;\">Bernina : <\/span><strong style=\"line-height: 1.5;\">ART<\/strong><\/li>\n<li><span style=\"line-height: 1.5;\">Deco, Brother, Baby Lock : <\/span><strong style=\"line-height: 1.5;\">PEC, PES<\/strong><\/li>\n<li><span style=\"line-height: 1.5;\">Husqvarna, Viking : <\/span><strong style=\"line-height: 1.5;\">HUS<\/strong><\/li>\n<li><span style=\"line-height: 1.5;\">Janome, Elna, Kenmore : <\/span><strong style=\"line-height: 1.5;\">JEF, SEW<\/strong><\/li>\n<li><span style=\"line-height: 1.5;\">Melco : <\/span><strong style=\"line-height: 1.5;\">EXP, CND<\/strong><\/li>\n<li><span style=\"line-height: 1.5;\">Compucon : <\/span><strong style=\"line-height: 1.5;\">XXX<\/strong><\/li>\n<li><span style=\"line-height: 1.5;\">Tajima : <\/span><strong style=\"line-height: 1.5;\">DST<\/strong><\/li>\n<li><span style=\"line-height: 1.5;\">Barudan : <\/span><strong style=\"line-height: 1.5;\">DSB<\/strong><\/li>\n<li>Pfaff : <strong style=\"line-height: 1.5;\"><strong>PCS<\/strong><\/strong><\/li>\n<li><b>PHC, SHV, VIP, VP3<\/b><\/li>\n<\/ul>\n<p><strong style=\"line-height: 1.4;\"><\/strong><span style=\"line-height: 1.4;\">\u00a0<\/span><br \/>\n<span style=\"line-height: 1.4;\"><\/span><\/p>\n<div id=\"gtx-trans\" style=\"position: absolute; left: 215px; top: 610px;\">\n<div class=\"gtx-trans-icon\"><\/div>\n<\/div>","protected":false},"excerpt":{"rendered":"<style>.elementor-204929 .elementor-element.elementor-element-95a9a0b{margin-top:0px;margin-bottom:0px;padding:0px 0px 0px 0px;overflow:visible;}.elementor-204929 .elementor-element.elementor-element-84e32b5 > .elementor-element-populated{margin:0px 0px 0px 0px;--e-column-margin-right:0px;--e-column-margin-left:0px;padding:0px 0px 0px 0px;}.elementor-204929 .elementor-element.elementor-element-4e302eb{text-align:left;}<\/style>\n<div class=\"porto-block elementor elementor-204929\" data-id=\"204929\">\n<section class=\"elementor-section elementor-top-section elementor-element elementor-element-95a9a0b elementor-section-full_width elementor-section-height-default elementor-section-height-default\" data-id=\"95a9a0b\" data-element_type=\"section\" data-settings=\"{&quot;ekit_has_onepagescroll_dot&quot;:&quot;yes&quot;}\">\n<div class=\"elementor-container elementor-column-gap-default\">\n<div class=\"elementor-column elementor-col-100 elementor-top-column elementor-element elementor-element-84e32b5\" data-id=\"84e32b5\" data-element_type=\"column\">\n<div class=\"elementor-widget-wrap elementor-element-populated\">\n<div class=\"elementor-element elementor-element-4e302eb elementor-widget elementor-widget-image\" data-id=\"4e302eb\" data-element_type=\"widget\" data-settings=\"{&quot;ekit_we_effect_on&quot;:&quot;none&quot;}\" data-widget_type=\"image.default\">\n<div class=\"elementor-widget-container\">\n<style>\/*! elementor - v3.12.1 - 02-04-2023 *\/\n.elementor-widget-image{text-align:center}.elementor-widget-image a{display:inline-block}.elementor-widget-image a img[src$=\".svg\"]{width:48px}.elementor-widget-image img{vertical-align:middle;display:inline-block}<\/style>\n<p>\t\t\t\t\t\t\t\t\t\t\t\t<img decoding=\"async\" width=\"300\" height=\"84\" src=\"https:\/\/embroiderydownload.com\/wp-content\/uploads\/2022\/11\/icons-values-eng.svg\" class=\"attachment-large size-large wp-image-204901\" alt=\"\" loading=\"lazy\" \/>\t\t\t\t\t\t\t\t\t\t\t\t\t\t\t<\/div>\n<\/p><\/div>\n<\/p><\/div>\n<\/p><\/div>\n<\/p><\/div>\n<\/section><\/div>","protected":false},"featured_media":93211,"template":"","meta":[],"product_cat":[],"product_tag":[53,574,104,1051,1052],"yoast_head":"<!-- This site is optimized with the Yoast SEO plugin v17.5 - https:\/\/yoast.com\/wordpress\/plugins\/seo\/ -->\n<title>MasterCard Embroidery Design Download - EmbroideryDownload<\/title>\n<meta name=\"description\" content=\"Download MasterCard Embroidery Design now and elevate your embroidery game!\" \/>\n<meta name=\"robots\" content=\"index, follow, max-snippet:-1, max-image-preview:large, max-video-preview:-1\" \/>\n<link rel=\"canonical\" href=\"https:\/\/embroiderydownload.com\/fr\/products\/telechargement-du-motif-de-broderie-de-la-carte-mastercard\/\" \/>\n<meta property=\"og:locale\" content=\"fr_FR\" \/>\n<meta property=\"og:type\" content=\"article\" \/>\n<meta property=\"og:title\" content=\"MasterCard Embroidery Design Download - EmbroideryDownload\" \/>\n<meta property=\"og:description\" content=\"Download MasterCard Embroidery Design now and elevate your embroidery game!\" \/>\n<meta property=\"og:url\" content=\"https:\/\/embroiderydownload.com\/fr\/products\/telechargement-du-motif-de-broderie-de-la-carte-mastercard\/\" \/>\n<meta property=\"og:site_name\" content=\"EmbroideryDownload\" \/>\n<meta property=\"article:modified_time\" content=\"2024-02-28T14:41:23+00:00\" \/>\n<meta property=\"og:image\" content=\"https:\/\/embroiderydownload.com\/wp-content\/uploads\/2021\/10\/Embroidery-Master-Card-1.jpg\" \/>\n\t<meta property=\"og:image:width\" content=\"1000\" \/>\n\t<meta property=\"og:image:height\" content=\"866\" \/>\n<meta name=\"twitter:card\" content=\"summary_large_image\" \/>\n<meta name=\"twitter:label1\" content=\"Prix\" \/>\n\t<meta name=\"twitter:data1\" content=\"&euro;5.99\" \/>\n\t<meta name=\"twitter:label2\" content=\"Availability\" \/>\n\t<meta name=\"twitter:data2\" content=\"In stock\" \/>\n<script type=\"application\/ld+json\" class=\"yoast-schema-graph\">{\"@context\":\"https:\/\/schema.org\",\"@graph\":[{\"@type\":\"WebSite\",\"@id\":\"https:\/\/embroiderydownload.com\/fr\/#website\",\"url\":\"https:\/\/embroiderydownload.com\/fr\/\",\"name\":\"EmbroideryDownload\",\"description\":\"Embroidery Designs Instant Digital Download\",\"potentialAction\":[{\"@type\":\"SearchAction\",\"target\":{\"@type\":\"EntryPoint\",\"urlTemplate\":\"https:\/\/embroiderydownload.com\/fr\/?s={search_term_string}\"},\"query-input\":\"required name=search_term_string\"}],\"inLanguage\":\"fr-FR\"},{\"@type\":\"ImageObject\",\"@id\":\"https:\/\/embroiderydownload.com\/products\/mastercard-embroidery-design-download\/#primaryimage\",\"inLanguage\":\"fr-FR\",\"url\":\"https:\/\/embroiderydownload.com\/wp-content\/uploads\/2021\/10\/Embroidery-Master-Card-1.jpg\",\"contentUrl\":\"https:\/\/embroiderydownload.com\/wp-content\/uploads\/2021\/10\/Embroidery-Master-Card-1.jpg\",\"width\":1000,\"height\":866},{\"@type\":\"WebPage\",\"@id\":\"https:\/\/embroiderydownload.com\/products\/mastercard-embroidery-design-download\/#webpage\",\"url\":\"https:\/\/embroiderydownload.com\/products\/mastercard-embroidery-design-download\/\",\"name\":\"MasterCard Embroidery Design Download - EmbroideryDownload\",\"isPartOf\":{\"@id\":\"https:\/\/embroiderydownload.com\/fr\/#website\"},\"primaryImageOfPage\":{\"@id\":\"https:\/\/embroiderydownload.com\/products\/mastercard-embroidery-design-download\/#primaryimage\"},\"datePublished\":\"2021-11-17T05:20:37+00:00\",\"dateModified\":\"2024-02-28T14:41:23+00:00\",\"description\":\"Download MasterCard Embroidery Design now and elevate your embroidery game!\",\"breadcrumb\":{\"@id\":\"https:\/\/embroiderydownload.com\/products\/mastercard-embroidery-design-download\/#breadcrumb\"},\"inLanguage\":\"fr-FR\",\"potentialAction\":[{\"@type\":\"ReadAction\",\"target\":[\"https:\/\/embroiderydownload.com\/products\/mastercard-embroidery-design-download\/\"]}]},{\"@type\":\"BreadcrumbList\",\"@id\":\"https:\/\/embroiderydownload.com\/products\/mastercard-embroidery-design-download\/#breadcrumb\",\"itemListElement\":[{\"@type\":\"ListItem\",\"position\":1,\"name\":\"Shop\",\"item\":\"https:\/\/embroiderydownload.com\/it\/negozio-2\/\"},{\"@type\":\"ListItem\",\"position\":2,\"name\":\"MasterCard Embroidery Design Download\"}]}]}<\/script>\n<!-- \/ Yoast SEO plugin. -->","yoast_head_json":{"title":"MasterCard Embroidery Design Download - EmbroideryDownload","description":"Download MasterCard Embroidery Design now and elevate your embroidery game!","robots":{"index":"index","follow":"follow","max-snippet":"max-snippet:-1","max-image-preview":"max-image-preview:large","max-video-preview":"max-video-preview:-1"},"canonical":"https:\/\/embroiderydownload.com\/fr\/products\/telechargement-du-motif-de-broderie-de-la-carte-mastercard\/","og_locale":"fr_FR","og_type":"article","og_title":"MasterCard Embroidery Design Download - EmbroideryDownload","og_description":"Download MasterCard Embroidery Design now and elevate your embroidery game!","og_url":"https:\/\/embroiderydownload.com\/fr\/products\/telechargement-du-motif-de-broderie-de-la-carte-mastercard\/","og_site_name":"EmbroideryDownload","article_modified_time":"2024-02-28T14:41:23+00:00","og_image":[{"width":1000,"height":866,"url":"https:\/\/embroiderydownload.com\/wp-content\/uploads\/2021\/10\/Embroidery-Master-Card-1.jpg","type":"image\/jpeg"}],"twitter_card":"summary_large_image","twitter_misc":{"Prix":"&euro;5.99","Availability":"In stock"},"schema":{"@context":"https:\/\/schema.org","@graph":[{"@type":"WebSite","@id":"https:\/\/embroiderydownload.com\/fr\/#website","url":"https:\/\/embroiderydownload.com\/fr\/","name":"EmbroideryDownload","description":"Embroidery Designs Instant Digital Download","potentialAction":[{"@type":"SearchAction","target":{"@type":"EntryPoint","urlTemplate":"https:\/\/embroiderydownload.com\/fr\/?s={search_term_string}"},"query-input":"required name=search_term_string"}],"inLanguage":"fr-FR"},{"@type":"ImageObject","@id":"https:\/\/embroiderydownload.com\/products\/mastercard-embroidery-design-download\/#primaryimage","inLanguage":"fr-FR","url":"https:\/\/embroiderydownload.com\/wp-content\/uploads\/2021\/10\/Embroidery-Master-Card-1.jpg","contentUrl":"https:\/\/embroiderydownload.com\/wp-content\/uploads\/2021\/10\/Embroidery-Master-Card-1.jpg","width":1000,"height":866},{"@type":"WebPage","@id":"https:\/\/embroiderydownload.com\/products\/mastercard-embroidery-design-download\/#webpage","url":"https:\/\/embroiderydownload.com\/products\/mastercard-embroidery-design-download\/","name":"MasterCard Embroidery Design Download - EmbroideryDownload","isPartOf":{"@id":"https:\/\/embroiderydownload.com\/fr\/#website"},"primaryImageOfPage":{"@id":"https:\/\/embroiderydownload.com\/products\/mastercard-embroidery-design-download\/#primaryimage"},"datePublished":"2021-11-17T05:20:37+00:00","dateModified":"2024-02-28T14:41:23+00:00","description":"Download MasterCard Embroidery Design now and elevate your embroidery game!","breadcrumb":{"@id":"https:\/\/embroiderydownload.com\/products\/mastercard-embroidery-design-download\/#breadcrumb"},"inLanguage":"fr-FR","potentialAction":[{"@type":"ReadAction","target":["https:\/\/embroiderydownload.com\/products\/mastercard-embroidery-design-download\/"]}]},{"@type":"BreadcrumbList","@id":"https:\/\/embroiderydownload.com\/products\/mastercard-embroidery-design-download\/#breadcrumb","itemListElement":[{"@type":"ListItem","position":1,"name":"Shop","item":"https:\/\/embroiderydownload.com\/it\/negozio-2\/"},{"@type":"ListItem","position":2,"name":"MasterCard Embroidery Design Download"}]}]}},"_links":{"self":[{"href":"https:\/\/embroiderydownload.com\/fr\/wp-json\/wp\/v2\/product\/93210"}],"collection":[{"href":"https:\/\/embroiderydownload.com\/fr\/wp-json\/wp\/v2\/product"}],"about":[{"href":"https:\/\/embroiderydownload.com\/fr\/wp-json\/wp\/v2\/types\/product"}],"version-history":[{"count":1,"href":"https:\/\/embroiderydownload.com\/fr\/wp-json\/wp\/v2\/product\/93210\/revisions"}],"predecessor-version":[{"id":215369,"href":"https:\/\/embroiderydownload.com\/fr\/wp-json\/wp\/v2\/product\/93210\/revisions\/215369"}],"wp:featuredmedia":[{"embeddable":true,"href":"https:\/\/embroiderydownload.com\/fr\/wp-json\/wp\/v2\/media\/93211"}],"wp:attachment":[{"href":"https:\/\/embroiderydownload.com\/fr\/wp-json\/wp\/v2\/media?parent=93210"}],"wp:term":[{"taxonomy":"product_cat","embeddable":true,"href":"https:\/\/embroiderydownload.com\/fr\/wp-json\/wp\/v2\/product_cat?post=93210"},{"taxonomy":"product_tag","embeddable":true,"href":"https:\/\/embroiderydownload.com\/fr\/wp-json\/wp\/v2\/product_tag?post=93210"}],"curies":[{"name":"wp","href":"https:\/\/api.w.org\/{rel}","templated":true}]}}