{"id":94700,"date":"2021-10-27T19:06:59","date_gmt":"2021-10-27T17:06:59","guid":{"rendered":"https:\/\/embroiderydownload.com\/product\/monster-energy-2-logo-embroidery-design-download\/"},"modified":"2023-03-23T14:23:56","modified_gmt":"2023-03-23T13:23:56","slug":"monster-energy-2-logo-embroidery-design-download","status":"publish","type":"product","link":"https:\/\/embroiderydownload.com\/fr\/products\/monster-energy-2-logo-broderie-design-download\/","title":{"rendered":"Monster Energy 2 Logo Broderie Download"},"content":{"rendered":"<p>&nbsp;<\/p>\n<p><strong>Logo Monster Energy<\/strong> Motifs de broderie machine \u00e0 t\u00e9l\u00e9charger. Motifs de broderie machine \u00e0 t\u00e9l\u00e9charger. Motifs de Broderie Machine de haute qualit\u00e9 Monster Energy.<\/p>\n<p>\u2605 Taille 2,81 \u00d7 3,91 pouces - 71,60 x 99,50 mm - Points : 13286<br \/>\nTaille 3,11 \u00d7 4,33 pouces - 79,20 x 110,10 mm - Points : 15882<br \/>\n\u2605 Taille 3,39 \u00d7 4,72 pouces - 86,20 x 119,90 mm - Points : 17916<br \/>\n\u2605 Taille 3,96 \u00d7 5,51 pouces - 100,80 x 140,10 mm - Points : 22335<br \/>\n\u2605 Taille 4,54 \u00d7 6,31 pouces - 115,40 x 160,50 mm - Points : 27275<\/p>\n<p>\u2605 Formats qui seront inclus dans un fichier ZIP lors de l'achat<\/p>\n<ul>\n<li>Deco, Brother, Baby Lock :\u00a0<strong>PSE<\/strong><\/li>\n<li>Husqvarna, Viking :\u00a0<strong>HUS, SEW<\/strong><\/li>\n<li>Janome, Elna, Kenmore :\u00a0<strong>JEF<\/strong><\/li>\n<li>Melco :\u00a0<strong>EXP<\/strong><\/li>\n<li>Chanteur :<strong>\u00a0PCS<\/strong><\/li>\n<li>Compucon, Singer :\u00a0<strong>XXX<\/strong><\/li>\n<li>Tajima :\u00a0<strong>DST<\/strong><\/li>\n<li>Pfaff :<b>\u00a0VIP, VP3<\/b><\/li>\n<\/ul>\n<p><strong><\/strong><br \/>\nLe logo ci-dessus et les illustrations que vous \u00eates sur le point de t\u00e9l\u00e9charger sont la propri\u00e9t\u00e9 intellectuelle du d\u00e9tenteur des droits d'auteur et\/ou de la marque et vous sont propos\u00e9s pour une utilisation l\u00e9gale avec l'autorisation du d\u00e9tenteur des droits d'auteur et\/ou de la marque. Vous reconnaissez par la pr\u00e9sente que vous acceptez les conditions d'utilisation et que l'\u0153uvre d'art que vous t\u00e9l\u00e9chargez sera utilis\u00e9e \u00e0 des fins non commerciales sans enfreindre les droits du d\u00e9tenteur du droit d'auteur et\/ou de la marque et conform\u00e9ment \u00e0 la loi DMCA de 1998. Avant d'utiliser ou de reproduire cette \u0153uvre d'art de quelque mani\u00e8re que ce soit, vous devez obtenir l'autorisation expresse du d\u00e9tenteur du droit d'auteur et\/ou de la marque. Le fait de ne pas obtenir cette autorisation constitue une violation des lois internationales sur les droits d'auteur et les marques d\u00e9pos\u00e9es, passible de sanctions financi\u00e8res et p\u00e9nales sp\u00e9cifiques.<\/p>","protected":false},"excerpt":{"rendered":"<style>.elementor-204929 .elementor-element.elementor-element-95a9a0b{margin-top:0px;margin-bottom:0px;padding:0px 0px 0px 0px;overflow:visible;}.elementor-204929 .elementor-element.elementor-element-84e32b5 > .elementor-element-populated{margin:0px 0px 0px 0px;--e-column-margin-right:0px;--e-column-margin-left:0px;padding:0px 0px 0px 0px;}.elementor-204929 .elementor-element.elementor-element-4e302eb{text-align:left;}<\/style>\n<div class=\"porto-block elementor elementor-204929\" data-id=\"204929\">\n<section class=\"elementor-section elementor-top-section elementor-element elementor-element-95a9a0b elementor-section-full_width elementor-section-height-default elementor-section-height-default\" data-id=\"95a9a0b\" data-element_type=\"section\" data-settings=\"{&quot;ekit_has_onepagescroll_dot&quot;:&quot;yes&quot;}\">\n<div class=\"elementor-container elementor-column-gap-default\">\n<div class=\"elementor-column elementor-col-100 elementor-top-column elementor-element elementor-element-84e32b5\" data-id=\"84e32b5\" data-element_type=\"column\">\n<div class=\"elementor-widget-wrap elementor-element-populated\">\n<div class=\"elementor-element elementor-element-4e302eb elementor-widget elementor-widget-image\" data-id=\"4e302eb\" data-element_type=\"widget\" data-settings=\"{&quot;ekit_we_effect_on&quot;:&quot;none&quot;}\" data-widget_type=\"image.default\">\n<div class=\"elementor-widget-container\">\n<style>\/*! elementor - v3.12.1 - 02-04-2023 *\/\n.elementor-widget-image{text-align:center}.elementor-widget-image a{display:inline-block}.elementor-widget-image a img[src$=\".svg\"]{width:48px}.elementor-widget-image img{vertical-align:middle;display:inline-block}<\/style>\n<p>\t\t\t\t\t\t\t\t\t\t\t\t<img decoding=\"async\" width=\"300\" height=\"84\" src=\"https:\/\/embroiderydownload.com\/wp-content\/uploads\/2022\/11\/icons-values-eng.svg\" class=\"attachment-large size-large wp-image-204901\" alt=\"\" loading=\"lazy\" \/>\t\t\t\t\t\t\t\t\t\t\t\t\t\t\t<\/div>\n<\/p><\/div>\n<\/p><\/div>\n<\/p><\/div>\n<\/p><\/div>\n<\/section><\/div>","protected":false},"featured_media":94701,"template":"","meta":[],"product_cat":[],"product_tag":[64,482,1115,1116,547,1117,33,137,34,417],"yoast_head":"<!-- This site is optimized with the Yoast SEO plugin v17.5 - https:\/\/yoast.com\/wordpress\/plugins\/seo\/ -->\n<title>Monster Energy 2 Logo Embroidery Design Download - EmbroideryDownload<\/title>\n<meta name=\"description\" content=\"Download the Monster Energy 2 Logo Embroidery Design now and elevate your branding game!\" \/>\n<meta name=\"robots\" content=\"index, follow, max-snippet:-1, max-image-preview:large, max-video-preview:-1\" \/>\n<link rel=\"canonical\" href=\"https:\/\/embroiderydownload.com\/fr\/products\/monster-energy-2-logo-broderie-design-download\/\" \/>\n<meta property=\"og:locale\" content=\"fr_FR\" \/>\n<meta property=\"og:type\" content=\"article\" \/>\n<meta property=\"og:title\" content=\"Monster Energy 2 Logo Embroidery Design Download - EmbroideryDownload\" \/>\n<meta property=\"og:description\" content=\"Download the Monster Energy 2 Logo Embroidery Design now and elevate your branding game!\" \/>\n<meta property=\"og:url\" content=\"https:\/\/embroiderydownload.com\/fr\/products\/monster-energy-2-logo-broderie-design-download\/\" \/>\n<meta property=\"og:site_name\" content=\"EmbroideryDownload\" \/>\n<meta property=\"article:modified_time\" content=\"2023-03-23T13:23:56+00:00\" \/>\n<meta property=\"og:image\" content=\"https:\/\/embroiderydownload.com\/wp-content\/uploads\/2021\/10\/Embroidery-Design-Monster-Energy_265492eb-aa6d-43eb-8f97-dceabff323a1-2.jpg\" \/>\n\t<meta property=\"og:image:width\" content=\"800\" \/>\n\t<meta property=\"og:image:height\" content=\"800\" \/>\n<meta name=\"twitter:card\" content=\"summary_large_image\" \/>\n<meta name=\"twitter:label1\" content=\"Prix\" \/>\n\t<meta name=\"twitter:data1\" content=\"&euro;3.99 &euro;2.99\" \/>\n\t<meta name=\"twitter:label2\" content=\"Availability\" \/>\n\t<meta name=\"twitter:data2\" content=\"In stock\" \/>\n<script type=\"application\/ld+json\" class=\"yoast-schema-graph\">{\"@context\":\"https:\/\/schema.org\",\"@graph\":[{\"@type\":\"WebSite\",\"@id\":\"https:\/\/embroiderydownload.com\/fr\/#website\",\"url\":\"https:\/\/embroiderydownload.com\/fr\/\",\"name\":\"EmbroideryDownload\",\"description\":\"Embroidery Designs Instant Digital Download\",\"potentialAction\":[{\"@type\":\"SearchAction\",\"target\":{\"@type\":\"EntryPoint\",\"urlTemplate\":\"https:\/\/embroiderydownload.com\/fr\/?s={search_term_string}\"},\"query-input\":\"required name=search_term_string\"}],\"inLanguage\":\"fr-FR\"},{\"@type\":\"ImageObject\",\"@id\":\"https:\/\/embroiderydownload.com\/products\/monster-energy-2-logo-embroidery-design-download\/#primaryimage\",\"inLanguage\":\"fr-FR\",\"url\":\"https:\/\/embroiderydownload.com\/wp-content\/uploads\/2021\/10\/Embroidery-Design-Monster-Energy_265492eb-aa6d-43eb-8f97-dceabff323a1-2.jpg\",\"contentUrl\":\"https:\/\/embroiderydownload.com\/wp-content\/uploads\/2021\/10\/Embroidery-Design-Monster-Energy_265492eb-aa6d-43eb-8f97-dceabff323a1-2.jpg\",\"width\":800,\"height\":800},{\"@type\":\"WebPage\",\"@id\":\"https:\/\/embroiderydownload.com\/products\/monster-energy-2-logo-embroidery-design-download\/#webpage\",\"url\":\"https:\/\/embroiderydownload.com\/products\/monster-energy-2-logo-embroidery-design-download\/\",\"name\":\"Monster Energy 2 Logo Embroidery Design Download - EmbroideryDownload\",\"isPartOf\":{\"@id\":\"https:\/\/embroiderydownload.com\/fr\/#website\"},\"primaryImageOfPage\":{\"@id\":\"https:\/\/embroiderydownload.com\/products\/monster-energy-2-logo-embroidery-design-download\/#primaryimage\"},\"datePublished\":\"2021-10-27T17:06:59+00:00\",\"dateModified\":\"2023-03-23T13:23:56+00:00\",\"description\":\"Download the Monster Energy 2 Logo Embroidery Design now and elevate your branding game!\",\"breadcrumb\":{\"@id\":\"https:\/\/embroiderydownload.com\/products\/monster-energy-2-logo-embroidery-design-download\/#breadcrumb\"},\"inLanguage\":\"fr-FR\",\"potentialAction\":[{\"@type\":\"ReadAction\",\"target\":[\"https:\/\/embroiderydownload.com\/products\/monster-energy-2-logo-embroidery-design-download\/\"]}]},{\"@type\":\"BreadcrumbList\",\"@id\":\"https:\/\/embroiderydownload.com\/products\/monster-energy-2-logo-embroidery-design-download\/#breadcrumb\",\"itemListElement\":[{\"@type\":\"ListItem\",\"position\":1,\"name\":\"Shop\",\"item\":\"https:\/\/embroiderydownload.com\/it\/negozio-2\/\"},{\"@type\":\"ListItem\",\"position\":2,\"name\":\"Monster Energy 2 Logo Embroidery Design Download\"}]}]}<\/script>\n<!-- \/ Yoast SEO plugin. -->","yoast_head_json":{"title":"Monster Energy 2 Logo Embroidery Design Download - EmbroideryDownload","description":"Download the Monster Energy 2 Logo Embroidery Design now and elevate your branding game!","robots":{"index":"index","follow":"follow","max-snippet":"max-snippet:-1","max-image-preview":"max-image-preview:large","max-video-preview":"max-video-preview:-1"},"canonical":"https:\/\/embroiderydownload.com\/fr\/products\/monster-energy-2-logo-broderie-design-download\/","og_locale":"fr_FR","og_type":"article","og_title":"Monster Energy 2 Logo Embroidery Design Download - EmbroideryDownload","og_description":"Download the Monster Energy 2 Logo Embroidery Design now and elevate your branding game!","og_url":"https:\/\/embroiderydownload.com\/fr\/products\/monster-energy-2-logo-broderie-design-download\/","og_site_name":"EmbroideryDownload","article_modified_time":"2023-03-23T13:23:56+00:00","og_image":[{"width":800,"height":800,"url":"https:\/\/embroiderydownload.com\/wp-content\/uploads\/2021\/10\/Embroidery-Design-Monster-Energy_265492eb-aa6d-43eb-8f97-dceabff323a1-2.jpg","type":"image\/jpeg"}],"twitter_card":"summary_large_image","twitter_misc":{"Prix":"&euro;3.99 &euro;2.99","Availability":"In stock"},"schema":{"@context":"https:\/\/schema.org","@graph":[{"@type":"WebSite","@id":"https:\/\/embroiderydownload.com\/fr\/#website","url":"https:\/\/embroiderydownload.com\/fr\/","name":"EmbroideryDownload","description":"Embroidery Designs Instant Digital Download","potentialAction":[{"@type":"SearchAction","target":{"@type":"EntryPoint","urlTemplate":"https:\/\/embroiderydownload.com\/fr\/?s={search_term_string}"},"query-input":"required name=search_term_string"}],"inLanguage":"fr-FR"},{"@type":"ImageObject","@id":"https:\/\/embroiderydownload.com\/products\/monster-energy-2-logo-embroidery-design-download\/#primaryimage","inLanguage":"fr-FR","url":"https:\/\/embroiderydownload.com\/wp-content\/uploads\/2021\/10\/Embroidery-Design-Monster-Energy_265492eb-aa6d-43eb-8f97-dceabff323a1-2.jpg","contentUrl":"https:\/\/embroiderydownload.com\/wp-content\/uploads\/2021\/10\/Embroidery-Design-Monster-Energy_265492eb-aa6d-43eb-8f97-dceabff323a1-2.jpg","width":800,"height":800},{"@type":"WebPage","@id":"https:\/\/embroiderydownload.com\/products\/monster-energy-2-logo-embroidery-design-download\/#webpage","url":"https:\/\/embroiderydownload.com\/products\/monster-energy-2-logo-embroidery-design-download\/","name":"Monster Energy 2 Logo Embroidery Design Download - EmbroideryDownload","isPartOf":{"@id":"https:\/\/embroiderydownload.com\/fr\/#website"},"primaryImageOfPage":{"@id":"https:\/\/embroiderydownload.com\/products\/monster-energy-2-logo-embroidery-design-download\/#primaryimage"},"datePublished":"2021-10-27T17:06:59+00:00","dateModified":"2023-03-23T13:23:56+00:00","description":"Download the Monster Energy 2 Logo Embroidery Design now and elevate your branding game!","breadcrumb":{"@id":"https:\/\/embroiderydownload.com\/products\/monster-energy-2-logo-embroidery-design-download\/#breadcrumb"},"inLanguage":"fr-FR","potentialAction":[{"@type":"ReadAction","target":["https:\/\/embroiderydownload.com\/products\/monster-energy-2-logo-embroidery-design-download\/"]}]},{"@type":"BreadcrumbList","@id":"https:\/\/embroiderydownload.com\/products\/monster-energy-2-logo-embroidery-design-download\/#breadcrumb","itemListElement":[{"@type":"ListItem","position":1,"name":"Shop","item":"https:\/\/embroiderydownload.com\/it\/negozio-2\/"},{"@type":"ListItem","position":2,"name":"Monster Energy 2 Logo Embroidery Design Download"}]}]}},"_links":{"self":[{"href":"https:\/\/embroiderydownload.com\/fr\/wp-json\/wp\/v2\/product\/94700"}],"collection":[{"href":"https:\/\/embroiderydownload.com\/fr\/wp-json\/wp\/v2\/product"}],"about":[{"href":"https:\/\/embroiderydownload.com\/fr\/wp-json\/wp\/v2\/types\/product"}],"version-history":[{"count":0,"href":"https:\/\/embroiderydownload.com\/fr\/wp-json\/wp\/v2\/product\/94700\/revisions"}],"wp:featuredmedia":[{"embeddable":true,"href":"https:\/\/embroiderydownload.com\/fr\/wp-json\/wp\/v2\/media\/94701"}],"wp:attachment":[{"href":"https:\/\/embroiderydownload.com\/fr\/wp-json\/wp\/v2\/media?parent=94700"}],"wp:term":[{"taxonomy":"product_cat","embeddable":true,"href":"https:\/\/embroiderydownload.com\/fr\/wp-json\/wp\/v2\/product_cat?post=94700"},{"taxonomy":"product_tag","embeddable":true,"href":"https:\/\/embroiderydownload.com\/fr\/wp-json\/wp\/v2\/product_tag?post=94700"}],"curies":[{"name":"wp","href":"https:\/\/api.w.org\/{rel}","templated":true}]}}