{"id":94785,"date":"2021-10-27T19:06:59","date_gmt":"2021-10-27T17:06:59","guid":{"rendered":"https:\/\/embroiderydownload.com\/product\/monster-high-logo-embroidery-design-download\/"},"modified":"2023-03-23T14:23:56","modified_gmt":"2023-03-23T13:23:56","slug":"monster-high-logo-embroidery-design-download","status":"publish","type":"product","link":"https:\/\/embroiderydownload.com\/fr\/products\/monster-high-logo-embroidery-design-download\/","title":{"rendered":"Logo Monster High Broderie Download"},"content":{"rendered":"<p>&nbsp;<\/p>\n<p>Motifs de Broderie Machine <strong>Logo Monster High\u00a0<\/strong>- Telechargement instantane - Machines \u00e0 broder de formats multiples. Motifs de broderie machine professionnels de haute qualit\u00e9 test\u00e9s.<\/p>\n<p>&nbsp;<\/p>\n<p>Tailles disponibles :<\/p>\n<ul>\n<li><strong>Taille S : <\/strong>2,96 \u00d7 2,87 pouces - 75,30 x 72,80 mm - Points : 14245<\/li>\n<li><strong>Taille M : <\/strong>3,87 \u00d7 3,75 pouces - 98,30 x 95,20 mm - Points : 20569<\/li>\n<li><strong>Taille L :<\/strong>\u00a04,54 \u00d7 4,39 pouces - 115,30 x 111,60 mm - Points : 26099<\/li>\n<li><strong>Taille XL :<\/strong>\u00a05,19 \u00d7 4,96 pouces - 130,30 x 126,00 mm - Points : 31249<\/li>\n<li><strong>Taille XXL :<\/strong>\u00a05,92 \u00d7 5,72 pouces - 150,40 x 145,40 mm - Points : 39220<\/li>\n<\/ul>\n<p>\u2605 Ceci\u00a0<strong>Motifs de broderie machine du logo Monster High<\/strong> comprend les formats suivants dans un fichier ZIP t\u00e9l\u00e9chargeable \u00e0 l'achat :<\/p>\n<ul>\n<li>Deco, Brother, Baby Lock : <strong>PSE<\/strong><\/li>\n<li>Husqvarna, Viking : <strong>HUS<\/strong><\/li>\n<li>Janome, Elna, Kenmore : <strong>JEF<\/strong><\/li>\n<li>Melco : <strong>EXP<\/strong><\/li>\n<li>Elna :<strong>\u00a0EMD<\/strong><\/li>\n<li>Compucon, Singer : <strong>XXX<\/strong><\/li>\n<li>Tajima : <strong>DST<\/strong><\/li>\n<li>Pfaff :<b> VIP, VP3<\/b><\/li>\n<\/ul>\n<p>&nbsp;<\/p>\n<p>\u2605 Tous les droits d'auteur et les marques de commerce des images et des personnages utilis\u00e9s appartiennent \u00e0 leurs propri\u00e9taires respectifs et ne sont pas vendus. Cet article n'est pas un produit sous licence et je ne revendique pas la propri\u00e9t\u00e9 des personnages utilis\u00e9s.<\/p>\n<p>&nbsp;<\/p>\n<p>\u2605 Ce mod\u00e8le a \u00e9t\u00e9 test\u00e9 et revu pour garantir une qualit\u00e9 optimale. Les r\u00e9sultats peuvent varier en fonction de la combinaison du tissu et de l'entoilage. Le r\u00e9sultat final peut d\u00e9pendre de votre machine, du tissu, de la qualit\u00e9 et de la tension du fil. Ne redimensionnez pas ou ne modifiez pas le fichier, vous pourriez perdre la qualit\u00e9.<\/p>","protected":false},"excerpt":{"rendered":"<style>.elementor-204929 .elementor-element.elementor-element-95a9a0b{margin-top:0px;margin-bottom:0px;padding:0px 0px 0px 0px;overflow:visible;}.elementor-204929 .elementor-element.elementor-element-84e32b5 > .elementor-element-populated{margin:0px 0px 0px 0px;--e-column-margin-right:0px;--e-column-margin-left:0px;padding:0px 0px 0px 0px;}.elementor-204929 .elementor-element.elementor-element-4e302eb{text-align:left;}<\/style>\n<div class=\"porto-block elementor elementor-204929\" data-id=\"204929\">\n<section class=\"elementor-section elementor-top-section elementor-element elementor-element-95a9a0b elementor-section-full_width elementor-section-height-default elementor-section-height-default\" data-id=\"95a9a0b\" data-element_type=\"section\" data-settings=\"{&quot;ekit_has_onepagescroll_dot&quot;:&quot;yes&quot;}\">\n<div class=\"elementor-container elementor-column-gap-default\">\n<div class=\"elementor-column elementor-col-100 elementor-top-column elementor-element elementor-element-84e32b5\" data-id=\"84e32b5\" data-element_type=\"column\">\n<div class=\"elementor-widget-wrap elementor-element-populated\">\n<div class=\"elementor-element elementor-element-4e302eb elementor-widget elementor-widget-image\" data-id=\"4e302eb\" data-element_type=\"widget\" data-settings=\"{&quot;ekit_we_effect_on&quot;:&quot;none&quot;}\" data-widget_type=\"image.default\">\n<div class=\"elementor-widget-container\">\n<style>\/*! elementor - v3.12.1 - 02-04-2023 *\/\n.elementor-widget-image{text-align:center}.elementor-widget-image a{display:inline-block}.elementor-widget-image a img[src$=\".svg\"]{width:48px}.elementor-widget-image img{vertical-align:middle;display:inline-block}<\/style>\n<p>\t\t\t\t\t\t\t\t\t\t\t\t<img decoding=\"async\" width=\"300\" height=\"84\" src=\"https:\/\/embroiderydownload.com\/wp-content\/uploads\/2022\/11\/icons-values-eng.svg\" class=\"attachment-large size-large wp-image-204901\" alt=\"\" loading=\"lazy\" \/>\t\t\t\t\t\t\t\t\t\t\t\t\t\t\t<\/div>\n<\/p><\/div>\n<\/p><\/div>\n<\/p><\/div>\n<\/p><\/div>\n<\/section><\/div>","protected":false},"featured_media":94786,"template":"","meta":[],"product_cat":[12184,12150],"product_tag":[64,1118],"yoast_head":"<!-- This site is optimized with the Yoast SEO plugin v17.5 - https:\/\/yoast.com\/wordpress\/plugins\/seo\/ -->\n<title>Monster High logo Embroidery Design Download - EmbroideryDownload<\/title>\n<meta name=\"description\" content=\"Download the Monster High logo embroidery design and add a spooky touch to your creations!\" \/>\n<meta name=\"robots\" content=\"index, follow, max-snippet:-1, max-image-preview:large, max-video-preview:-1\" \/>\n<link rel=\"canonical\" href=\"https:\/\/embroiderydownload.com\/fr\/products\/monster-high-logo-embroidery-design-download\/\" \/>\n<meta property=\"og:locale\" content=\"fr_FR\" \/>\n<meta property=\"og:type\" content=\"article\" \/>\n<meta property=\"og:title\" content=\"Monster High logo Embroidery Design Download - EmbroideryDownload\" \/>\n<meta property=\"og:description\" content=\"Download the Monster High logo embroidery design and add a spooky touch to your creations!\" \/>\n<meta property=\"og:url\" content=\"https:\/\/embroiderydownload.com\/fr\/products\/monster-high-logo-embroidery-design-download\/\" \/>\n<meta property=\"og:site_name\" content=\"EmbroideryDownload\" \/>\n<meta property=\"article:modified_time\" content=\"2023-03-23T13:23:56+00:00\" \/>\n<meta property=\"og:image\" content=\"https:\/\/embroiderydownload.com\/wp-content\/uploads\/2021\/10\/Monster-High-1-1.jpg\" \/>\n\t<meta property=\"og:image:width\" content=\"800\" \/>\n\t<meta property=\"og:image:height\" content=\"800\" \/>\n<meta name=\"twitter:card\" content=\"summary_large_image\" \/>\n<meta name=\"twitter:label1\" content=\"Prix\" \/>\n\t<meta name=\"twitter:data1\" content=\"&euro;2.99\" \/>\n\t<meta name=\"twitter:label2\" content=\"Availability\" \/>\n\t<meta name=\"twitter:data2\" content=\"In stock\" \/>\n<script type=\"application\/ld+json\" class=\"yoast-schema-graph\">{\"@context\":\"https:\/\/schema.org\",\"@graph\":[{\"@type\":\"WebSite\",\"@id\":\"https:\/\/embroiderydownload.com\/fr\/#website\",\"url\":\"https:\/\/embroiderydownload.com\/fr\/\",\"name\":\"EmbroideryDownload\",\"description\":\"Embroidery Designs Instant Digital Download\",\"potentialAction\":[{\"@type\":\"SearchAction\",\"target\":{\"@type\":\"EntryPoint\",\"urlTemplate\":\"https:\/\/embroiderydownload.com\/fr\/?s={search_term_string}\"},\"query-input\":\"required name=search_term_string\"}],\"inLanguage\":\"fr-FR\"},{\"@type\":\"ImageObject\",\"@id\":\"https:\/\/embroiderydownload.com\/products\/monster-high-logo-embroidery-design-download\/#primaryimage\",\"inLanguage\":\"fr-FR\",\"url\":\"https:\/\/embroiderydownload.com\/wp-content\/uploads\/2021\/10\/Monster-High-1-1.jpg\",\"contentUrl\":\"https:\/\/embroiderydownload.com\/wp-content\/uploads\/2021\/10\/Monster-High-1-1.jpg\",\"width\":800,\"height\":800},{\"@type\":\"WebPage\",\"@id\":\"https:\/\/embroiderydownload.com\/products\/monster-high-logo-embroidery-design-download\/#webpage\",\"url\":\"https:\/\/embroiderydownload.com\/products\/monster-high-logo-embroidery-design-download\/\",\"name\":\"Monster High logo Embroidery Design Download - EmbroideryDownload\",\"isPartOf\":{\"@id\":\"https:\/\/embroiderydownload.com\/fr\/#website\"},\"primaryImageOfPage\":{\"@id\":\"https:\/\/embroiderydownload.com\/products\/monster-high-logo-embroidery-design-download\/#primaryimage\"},\"datePublished\":\"2021-10-27T17:06:59+00:00\",\"dateModified\":\"2023-03-23T13:23:56+00:00\",\"description\":\"Download the Monster High logo embroidery design and add a spooky touch to your creations!\",\"breadcrumb\":{\"@id\":\"https:\/\/embroiderydownload.com\/products\/monster-high-logo-embroidery-design-download\/#breadcrumb\"},\"inLanguage\":\"fr-FR\",\"potentialAction\":[{\"@type\":\"ReadAction\",\"target\":[\"https:\/\/embroiderydownload.com\/products\/monster-high-logo-embroidery-design-download\/\"]}]},{\"@type\":\"BreadcrumbList\",\"@id\":\"https:\/\/embroiderydownload.com\/products\/monster-high-logo-embroidery-design-download\/#breadcrumb\",\"itemListElement\":[{\"@type\":\"ListItem\",\"position\":1,\"name\":\"Shop\",\"item\":\"https:\/\/embroiderydownload.com\/it\/negozio-2\/\"},{\"@type\":\"ListItem\",\"position\":2,\"name\":\"Monster High logo Embroidery Design Download\"}]}]}<\/script>\n<!-- \/ Yoast SEO plugin. -->","yoast_head_json":{"title":"Monster High logo Embroidery Design Download - EmbroideryDownload","description":"Download the Monster High logo embroidery design and add a spooky touch to your creations!","robots":{"index":"index","follow":"follow","max-snippet":"max-snippet:-1","max-image-preview":"max-image-preview:large","max-video-preview":"max-video-preview:-1"},"canonical":"https:\/\/embroiderydownload.com\/fr\/products\/monster-high-logo-embroidery-design-download\/","og_locale":"fr_FR","og_type":"article","og_title":"Monster High logo Embroidery Design Download - EmbroideryDownload","og_description":"Download the Monster High logo embroidery design and add a spooky touch to your creations!","og_url":"https:\/\/embroiderydownload.com\/fr\/products\/monster-high-logo-embroidery-design-download\/","og_site_name":"EmbroideryDownload","article_modified_time":"2023-03-23T13:23:56+00:00","og_image":[{"width":800,"height":800,"url":"https:\/\/embroiderydownload.com\/wp-content\/uploads\/2021\/10\/Monster-High-1-1.jpg","type":"image\/jpeg"}],"twitter_card":"summary_large_image","twitter_misc":{"Prix":"&euro;2.99","Availability":"In stock"},"schema":{"@context":"https:\/\/schema.org","@graph":[{"@type":"WebSite","@id":"https:\/\/embroiderydownload.com\/fr\/#website","url":"https:\/\/embroiderydownload.com\/fr\/","name":"EmbroideryDownload","description":"Embroidery Designs Instant Digital Download","potentialAction":[{"@type":"SearchAction","target":{"@type":"EntryPoint","urlTemplate":"https:\/\/embroiderydownload.com\/fr\/?s={search_term_string}"},"query-input":"required name=search_term_string"}],"inLanguage":"fr-FR"},{"@type":"ImageObject","@id":"https:\/\/embroiderydownload.com\/products\/monster-high-logo-embroidery-design-download\/#primaryimage","inLanguage":"fr-FR","url":"https:\/\/embroiderydownload.com\/wp-content\/uploads\/2021\/10\/Monster-High-1-1.jpg","contentUrl":"https:\/\/embroiderydownload.com\/wp-content\/uploads\/2021\/10\/Monster-High-1-1.jpg","width":800,"height":800},{"@type":"WebPage","@id":"https:\/\/embroiderydownload.com\/products\/monster-high-logo-embroidery-design-download\/#webpage","url":"https:\/\/embroiderydownload.com\/products\/monster-high-logo-embroidery-design-download\/","name":"Monster High logo Embroidery Design Download - EmbroideryDownload","isPartOf":{"@id":"https:\/\/embroiderydownload.com\/fr\/#website"},"primaryImageOfPage":{"@id":"https:\/\/embroiderydownload.com\/products\/monster-high-logo-embroidery-design-download\/#primaryimage"},"datePublished":"2021-10-27T17:06:59+00:00","dateModified":"2023-03-23T13:23:56+00:00","description":"Download the Monster High logo embroidery design and add a spooky touch to your creations!","breadcrumb":{"@id":"https:\/\/embroiderydownload.com\/products\/monster-high-logo-embroidery-design-download\/#breadcrumb"},"inLanguage":"fr-FR","potentialAction":[{"@type":"ReadAction","target":["https:\/\/embroiderydownload.com\/products\/monster-high-logo-embroidery-design-download\/"]}]},{"@type":"BreadcrumbList","@id":"https:\/\/embroiderydownload.com\/products\/monster-high-logo-embroidery-design-download\/#breadcrumb","itemListElement":[{"@type":"ListItem","position":1,"name":"Shop","item":"https:\/\/embroiderydownload.com\/it\/negozio-2\/"},{"@type":"ListItem","position":2,"name":"Monster High logo Embroidery Design Download"}]}]}},"_links":{"self":[{"href":"https:\/\/embroiderydownload.com\/fr\/wp-json\/wp\/v2\/product\/94785"}],"collection":[{"href":"https:\/\/embroiderydownload.com\/fr\/wp-json\/wp\/v2\/product"}],"about":[{"href":"https:\/\/embroiderydownload.com\/fr\/wp-json\/wp\/v2\/types\/product"}],"version-history":[{"count":1,"href":"https:\/\/embroiderydownload.com\/fr\/wp-json\/wp\/v2\/product\/94785\/revisions"}],"predecessor-version":[{"id":200026,"href":"https:\/\/embroiderydownload.com\/fr\/wp-json\/wp\/v2\/product\/94785\/revisions\/200026"}],"wp:featuredmedia":[{"embeddable":true,"href":"https:\/\/embroiderydownload.com\/fr\/wp-json\/wp\/v2\/media\/94786"}],"wp:attachment":[{"href":"https:\/\/embroiderydownload.com\/fr\/wp-json\/wp\/v2\/media?parent=94785"}],"wp:term":[{"taxonomy":"product_cat","embeddable":true,"href":"https:\/\/embroiderydownload.com\/fr\/wp-json\/wp\/v2\/product_cat?post=94785"},{"taxonomy":"product_tag","embeddable":true,"href":"https:\/\/embroiderydownload.com\/fr\/wp-json\/wp\/v2\/product_tag?post=94785"}],"curies":[{"name":"wp","href":"https:\/\/api.w.org\/{rel}","templated":true}]}}