{"id":95780,"date":"2021-10-27T19:13:15","date_gmt":"2021-10-27T17:13:15","guid":{"rendered":"https:\/\/embroiderydownload.com\/product\/new-york-knicks-embroidery-design-download\/"},"modified":"2023-03-23T14:12:20","modified_gmt":"2023-03-23T13:12:20","slug":"new-york-knicks-embroidery-design-download","status":"publish","type":"product","link":"https:\/\/embroiderydownload.com\/fr\/products\/new-york-knicks-embroidery-design-download\/","title":{"rendered":"Motif de broderie New York Knicks T\u00e9l\u00e9charger"},"content":{"rendered":"<p>&nbsp;<\/p>\n<p>Motif de broderie - New York Knicks - Logo de l'\u00e9quipe NBA - Logo de l'\u00e9quipe de basket-ball - T\u00e9l\u00e9chargement num\u00e9rique instantan\u00e9<\/p>\n<p>&nbsp;<\/p>\n<p>\u2605 Ceci<strong>\u00a0New York Knicks<\/strong><strong>\u00a0NBA<\/strong>\u00a0Les motifs de broderie machine comprennent les mod\u00e8les suivants :<\/p>\n<table width=\"588\">\n<tbody>\n<tr>\n<td style=\"text-align: center;\"><\/td>\n<td style=\"text-align: center;\">\n<div>\n<div><\/div>\n<\/div>\n<div><strong>Knicks 1<\/strong><\/div>\n<\/td>\n<td style=\"text-align: center;\">\n<div>\n<div><\/div>\n<\/div>\n<div><strong>Knicks 2<\/strong><\/div>\n<\/td>\n<td style=\"text-align: center;\">\n<div>\n<div><\/div>\n<\/div>\n<p><strong>Knicks 3<\/strong><\/td>\n<\/tr>\n<tr>\n<td style=\"text-align: center;\"><strong>Taille en pouces<\/strong><\/td>\n<td style=\"text-align: center;\">\n<div>4,12 x 3,39\u2032<\/div>\n<\/td>\n<td style=\"text-align: center;\">\n<div>4,53 x 4,73\u2032<\/div>\n<\/td>\n<td style=\"text-align: center;\">\n<div>\n<div><\/div>\n<\/div>\n<p>4,93 x 4,07\u2032<\/td>\n<\/tr>\n<tr>\n<td style=\"text-align: center;\"><strong>Taille mm.<\/strong><\/td>\n<td style=\"text-align: center;\">\n<div>104,60 x 86,10<\/div>\n<\/td>\n<td style=\"text-align: center;\">\n<div>115,20 x 94,80<\/div>\n<\/td>\n<td style=\"text-align: center;\">\n<div>\n<div><\/div>\n<\/div>\n<p>125,20 x 103,30<\/td>\n<\/tr>\n<tr>\n<td style=\"text-align: center;\"><strong>Points de suture<\/strong><\/td>\n<td style=\"text-align: center;\">16473<\/td>\n<td style=\"text-align: center;\">18561<\/td>\n<td style=\"text-align: center;\">\n<div>\n<div><\/div>\n<\/div>\n<p>20930<\/td>\n<\/tr>\n<\/tbody>\n<\/table>\n<p><span style=\"line-height: 1.4;\"><br \/>\n\u2605 Formats qui seront inclus dans un fichier ZIP lors de l'achat :<\/span><\/p>\n<p>&nbsp;<\/p>\n<ul>\n<li><span style=\"line-height: 1.5;\">Bernina : <\/span><strong style=\"line-height: 1.5;\">ART<\/strong><\/li>\n<li><span style=\"line-height: 1.5;\">Deco, Brother, Baby Lock : <\/span><strong style=\"line-height: 1.5;\">PEC, PES<\/strong><\/li>\n<li><span style=\"line-height: 1.5;\">Husqvarna, Viking : <\/span><strong style=\"line-height: 1.5;\">HUS<\/strong><\/li>\n<li><span style=\"line-height: 1.5;\">Janome, Elna, Kenmore : <\/span><strong style=\"line-height: 1.5;\">JEF, JEF+, SEW<\/strong><\/li>\n<li><span style=\"line-height: 1.5;\">Melco : <\/span><strong style=\"line-height: 1.5;\">EXP, CND<\/strong><\/li>\n<li><span style=\"line-height: 1.5;\">Compucon : <\/span><strong style=\"line-height: 1.5;\">XXX<\/strong><\/li>\n<li><span style=\"line-height: 1.5;\">Tajima : <\/span><strong style=\"line-height: 1.5;\">DST<\/strong><\/li>\n<li><span style=\"line-height: 1.5;\">Barudan : <\/span><strong style=\"line-height: 1.5;\">DSB<\/strong><\/li>\n<li>Pfaff : <strong style=\"line-height: 1.5;\"><strong>PCS, KSS<\/strong><\/strong><\/li>\n<li>Wilcom :<strong style=\"line-height: 1.5;\"><strong> EMB, ESS<\/strong><\/strong><\/li>\n<li>Saurer SLC :<strong style=\"line-height: 1.5;\"><strong> SAS\u00a0<\/strong><\/strong><\/li>\n<li>Hiraoka :<strong style=\"line-height: 1.5;\"><strong> VEP, DAT<\/strong><\/strong><\/li>\n<\/ul>\n<p><strong style=\"line-height: 1.4;\"><\/strong><span style=\"line-height: 1.4;\">\u00a0<\/span><br \/>\n<span style=\"line-height: 1.4;\"><\/span><\/p>","protected":false},"excerpt":{"rendered":"<style>.elementor-204929 .elementor-element.elementor-element-95a9a0b{margin-top:0px;margin-bottom:0px;padding:0px 0px 0px 0px;overflow:visible;}.elementor-204929 .elementor-element.elementor-element-84e32b5 > .elementor-element-populated{margin:0px 0px 0px 0px;--e-column-margin-right:0px;--e-column-margin-left:0px;padding:0px 0px 0px 0px;}.elementor-204929 .elementor-element.elementor-element-4e302eb{text-align:left;}<\/style>\n<div class=\"porto-block elementor elementor-204929\" data-id=\"204929\">\n<section class=\"elementor-section elementor-top-section elementor-element elementor-element-95a9a0b elementor-section-full_width elementor-section-height-default elementor-section-height-default\" data-id=\"95a9a0b\" data-element_type=\"section\" data-settings=\"{&quot;ekit_has_onepagescroll_dot&quot;:&quot;yes&quot;}\">\n<div class=\"elementor-container elementor-column-gap-default\">\n<div class=\"elementor-column elementor-col-100 elementor-top-column elementor-element elementor-element-84e32b5\" data-id=\"84e32b5\" data-element_type=\"column\">\n<div class=\"elementor-widget-wrap elementor-element-populated\">\n<div class=\"elementor-element elementor-element-4e302eb elementor-widget elementor-widget-image\" data-id=\"4e302eb\" data-element_type=\"widget\" data-settings=\"{&quot;ekit_we_effect_on&quot;:&quot;none&quot;}\" data-widget_type=\"image.default\">\n<div class=\"elementor-widget-container\">\n<style>\/*! elementor - v3.12.1 - 02-04-2023 *\/\n.elementor-widget-image{text-align:center}.elementor-widget-image a{display:inline-block}.elementor-widget-image a img[src$=\".svg\"]{width:48px}.elementor-widget-image img{vertical-align:middle;display:inline-block}<\/style>\n<p>\t\t\t\t\t\t\t\t\t\t\t\t<img decoding=\"async\" width=\"300\" height=\"84\" src=\"https:\/\/embroiderydownload.com\/wp-content\/uploads\/2022\/11\/icons-values-eng.svg\" class=\"attachment-large size-large wp-image-204901\" alt=\"\" loading=\"lazy\" \/>\t\t\t\t\t\t\t\t\t\t\t\t\t\t\t<\/div>\n<\/p><\/div>\n<\/p><\/div>\n<\/p><\/div>\n<\/p><\/div>\n<\/section><\/div>","protected":false},"featured_media":95781,"template":"","meta":[],"product_cat":[12159],"product_tag":[26,313,76,179,1183,77,1182,335],"yoast_head":"<!-- This site is optimized with the Yoast SEO plugin v17.5 - https:\/\/yoast.com\/wordpress\/plugins\/seo\/ -->\n<title>New York Knicks Embroidery Design Download - EmbroideryDownload<\/title>\n<meta name=\"description\" content=\"Download the New York Knicks Embroidery Design now and show your team spirit!\" \/>\n<meta name=\"robots\" content=\"index, follow, max-snippet:-1, max-image-preview:large, max-video-preview:-1\" \/>\n<link rel=\"canonical\" href=\"https:\/\/embroiderydownload.com\/fr\/products\/new-york-knicks-embroidery-design-download\/\" \/>\n<meta property=\"og:locale\" content=\"fr_FR\" \/>\n<meta property=\"og:type\" content=\"article\" \/>\n<meta property=\"og:title\" content=\"New York Knicks Embroidery Design Download - EmbroideryDownload\" \/>\n<meta property=\"og:description\" content=\"Download the New York Knicks Embroidery Design now and show your team spirit!\" \/>\n<meta property=\"og:url\" content=\"https:\/\/embroiderydownload.com\/fr\/products\/new-york-knicks-embroidery-design-download\/\" \/>\n<meta property=\"og:site_name\" content=\"EmbroideryDownload\" \/>\n<meta property=\"article:modified_time\" content=\"2023-03-23T13:12:20+00:00\" \/>\n<meta property=\"og:image\" content=\"https:\/\/embroiderydownload.com\/wp-content\/uploads\/2021\/10\/Embroidered-Knicks-1.jpg\" \/>\n\t<meta property=\"og:image:width\" content=\"1000\" \/>\n\t<meta property=\"og:image:height\" content=\"1000\" \/>\n<meta name=\"twitter:card\" content=\"summary_large_image\" \/>\n<meta name=\"twitter:label1\" content=\"Prix\" \/>\n\t<meta name=\"twitter:data1\" content=\"&euro;3.99\" \/>\n\t<meta name=\"twitter:label2\" content=\"Availability\" \/>\n\t<meta name=\"twitter:data2\" content=\"In stock\" \/>\n<script type=\"application\/ld+json\" class=\"yoast-schema-graph\">{\"@context\":\"https:\/\/schema.org\",\"@graph\":[{\"@type\":\"WebSite\",\"@id\":\"https:\/\/embroiderydownload.com\/fr\/#website\",\"url\":\"https:\/\/embroiderydownload.com\/fr\/\",\"name\":\"EmbroideryDownload\",\"description\":\"Embroidery Designs Instant Digital Download\",\"potentialAction\":[{\"@type\":\"SearchAction\",\"target\":{\"@type\":\"EntryPoint\",\"urlTemplate\":\"https:\/\/embroiderydownload.com\/fr\/?s={search_term_string}\"},\"query-input\":\"required name=search_term_string\"}],\"inLanguage\":\"fr-FR\"},{\"@type\":\"ImageObject\",\"@id\":\"https:\/\/embroiderydownload.com\/products\/new-york-knicks-embroidery-design-download\/#primaryimage\",\"inLanguage\":\"fr-FR\",\"url\":\"https:\/\/embroiderydownload.com\/wp-content\/uploads\/2021\/10\/Embroidered-Knicks-1.jpg\",\"contentUrl\":\"https:\/\/embroiderydownload.com\/wp-content\/uploads\/2021\/10\/Embroidered-Knicks-1.jpg\",\"width\":1000,\"height\":1000},{\"@type\":\"WebPage\",\"@id\":\"https:\/\/embroiderydownload.com\/products\/new-york-knicks-embroidery-design-download\/#webpage\",\"url\":\"https:\/\/embroiderydownload.com\/products\/new-york-knicks-embroidery-design-download\/\",\"name\":\"New York Knicks Embroidery Design Download - EmbroideryDownload\",\"isPartOf\":{\"@id\":\"https:\/\/embroiderydownload.com\/fr\/#website\"},\"primaryImageOfPage\":{\"@id\":\"https:\/\/embroiderydownload.com\/products\/new-york-knicks-embroidery-design-download\/#primaryimage\"},\"datePublished\":\"2021-10-27T17:13:15+00:00\",\"dateModified\":\"2023-03-23T13:12:20+00:00\",\"description\":\"Download the New York Knicks Embroidery Design now and show your team spirit!\",\"breadcrumb\":{\"@id\":\"https:\/\/embroiderydownload.com\/products\/new-york-knicks-embroidery-design-download\/#breadcrumb\"},\"inLanguage\":\"fr-FR\",\"potentialAction\":[{\"@type\":\"ReadAction\",\"target\":[\"https:\/\/embroiderydownload.com\/products\/new-york-knicks-embroidery-design-download\/\"]}]},{\"@type\":\"BreadcrumbList\",\"@id\":\"https:\/\/embroiderydownload.com\/products\/new-york-knicks-embroidery-design-download\/#breadcrumb\",\"itemListElement\":[{\"@type\":\"ListItem\",\"position\":1,\"name\":\"Shop\",\"item\":\"https:\/\/embroiderydownload.com\/it\/negozio-2\/\"},{\"@type\":\"ListItem\",\"position\":2,\"name\":\"New York Knicks Embroidery Design Download\"}]}]}<\/script>\n<!-- \/ Yoast SEO plugin. -->","yoast_head_json":{"title":"New York Knicks Embroidery Design Download - EmbroideryDownload","description":"Download the New York Knicks Embroidery Design now and show your team spirit!","robots":{"index":"index","follow":"follow","max-snippet":"max-snippet:-1","max-image-preview":"max-image-preview:large","max-video-preview":"max-video-preview:-1"},"canonical":"https:\/\/embroiderydownload.com\/fr\/products\/new-york-knicks-embroidery-design-download\/","og_locale":"fr_FR","og_type":"article","og_title":"New York Knicks Embroidery Design Download - EmbroideryDownload","og_description":"Download the New York Knicks Embroidery Design now and show your team spirit!","og_url":"https:\/\/embroiderydownload.com\/fr\/products\/new-york-knicks-embroidery-design-download\/","og_site_name":"EmbroideryDownload","article_modified_time":"2023-03-23T13:12:20+00:00","og_image":[{"width":1000,"height":1000,"url":"https:\/\/embroiderydownload.com\/wp-content\/uploads\/2021\/10\/Embroidered-Knicks-1.jpg","type":"image\/jpeg"}],"twitter_card":"summary_large_image","twitter_misc":{"Prix":"&euro;3.99","Availability":"In stock"},"schema":{"@context":"https:\/\/schema.org","@graph":[{"@type":"WebSite","@id":"https:\/\/embroiderydownload.com\/fr\/#website","url":"https:\/\/embroiderydownload.com\/fr\/","name":"EmbroideryDownload","description":"Embroidery Designs Instant Digital Download","potentialAction":[{"@type":"SearchAction","target":{"@type":"EntryPoint","urlTemplate":"https:\/\/embroiderydownload.com\/fr\/?s={search_term_string}"},"query-input":"required name=search_term_string"}],"inLanguage":"fr-FR"},{"@type":"ImageObject","@id":"https:\/\/embroiderydownload.com\/products\/new-york-knicks-embroidery-design-download\/#primaryimage","inLanguage":"fr-FR","url":"https:\/\/embroiderydownload.com\/wp-content\/uploads\/2021\/10\/Embroidered-Knicks-1.jpg","contentUrl":"https:\/\/embroiderydownload.com\/wp-content\/uploads\/2021\/10\/Embroidered-Knicks-1.jpg","width":1000,"height":1000},{"@type":"WebPage","@id":"https:\/\/embroiderydownload.com\/products\/new-york-knicks-embroidery-design-download\/#webpage","url":"https:\/\/embroiderydownload.com\/products\/new-york-knicks-embroidery-design-download\/","name":"New York Knicks Embroidery Design Download - EmbroideryDownload","isPartOf":{"@id":"https:\/\/embroiderydownload.com\/fr\/#website"},"primaryImageOfPage":{"@id":"https:\/\/embroiderydownload.com\/products\/new-york-knicks-embroidery-design-download\/#primaryimage"},"datePublished":"2021-10-27T17:13:15+00:00","dateModified":"2023-03-23T13:12:20+00:00","description":"Download the New York Knicks Embroidery Design now and show your team spirit!","breadcrumb":{"@id":"https:\/\/embroiderydownload.com\/products\/new-york-knicks-embroidery-design-download\/#breadcrumb"},"inLanguage":"fr-FR","potentialAction":[{"@type":"ReadAction","target":["https:\/\/embroiderydownload.com\/products\/new-york-knicks-embroidery-design-download\/"]}]},{"@type":"BreadcrumbList","@id":"https:\/\/embroiderydownload.com\/products\/new-york-knicks-embroidery-design-download\/#breadcrumb","itemListElement":[{"@type":"ListItem","position":1,"name":"Shop","item":"https:\/\/embroiderydownload.com\/it\/negozio-2\/"},{"@type":"ListItem","position":2,"name":"New York Knicks Embroidery Design Download"}]}]}},"_links":{"self":[{"href":"https:\/\/embroiderydownload.com\/fr\/wp-json\/wp\/v2\/product\/95780"}],"collection":[{"href":"https:\/\/embroiderydownload.com\/fr\/wp-json\/wp\/v2\/product"}],"about":[{"href":"https:\/\/embroiderydownload.com\/fr\/wp-json\/wp\/v2\/types\/product"}],"version-history":[{"count":1,"href":"https:\/\/embroiderydownload.com\/fr\/wp-json\/wp\/v2\/product\/95780\/revisions"}],"predecessor-version":[{"id":199526,"href":"https:\/\/embroiderydownload.com\/fr\/wp-json\/wp\/v2\/product\/95780\/revisions\/199526"}],"wp:featuredmedia":[{"embeddable":true,"href":"https:\/\/embroiderydownload.com\/fr\/wp-json\/wp\/v2\/media\/95781"}],"wp:attachment":[{"href":"https:\/\/embroiderydownload.com\/fr\/wp-json\/wp\/v2\/media?parent=95780"}],"wp:term":[{"taxonomy":"product_cat","embeddable":true,"href":"https:\/\/embroiderydownload.com\/fr\/wp-json\/wp\/v2\/product_cat?post=95780"},{"taxonomy":"product_tag","embeddable":true,"href":"https:\/\/embroiderydownload.com\/fr\/wp-json\/wp\/v2\/product_tag?post=95780"}],"curies":[{"name":"wp","href":"https:\/\/api.w.org\/{rel}","templated":true}]}}