{"id":96028,"date":"2021-10-27T19:13:15","date_gmt":"2021-10-27T17:13:15","guid":{"rendered":"https:\/\/embroiderydownload.com\/product\/nike-hearts-logo-embroidery-design-download\/"},"modified":"2024-02-28T17:52:41","modified_gmt":"2024-02-28T16:52:41","slug":"nike-hearts-logo-embroidery-design-download","status":"publish","type":"product","link":"https:\/\/embroiderydownload.com\/fr\/products\/nike-hearts-logo-embroidery-design-download\/","title":{"rendered":"Nike Hearts Logo Embroidery Design Download"},"content":{"rendered":"<p>&nbsp;<\/p>\n<p>Motifs de Broderie Machine <strong>Logo Nike Hearts<\/strong> - Telechargement instantane - Machines \u00e0 broder de formats multiples. Motifs de broderie machine professionnels de haute qualit\u00e9 test\u00e9s.<\/p>\n<p>&nbsp;<\/p>\n<p>Taille : 3,81 \u00d7 3,15 pouces - 96,80 x 80,20 mm - Points : 14050<br data-mce-fragment=\"1\" \/>\u2605 Taille : 4,81 \u00d7 3,98 pouces - 122,20 x 101,20 mm - Points : 18771<br data-mce-fragment=\"1\" \/>\u2605 Taille : 5,81 \u00d7 4,810 pouces - 147,60 x 122,20 mm - Points : 24160<br data-mce-fragment=\"1\" \/>\u2605 Taille : 6,81 \u00d7 5,63 pouces - 173,00 x 143,20 mm - Points : 30267<br data-mce-fragment=\"1\" \/>Taille : 7,81 \u00d7 8,28 pouces - 254,40 x 210,40 mm - Points : 52656<br data-mce-fragment=\"1\" \/>Taille : 12,02 \u00d7 9,93 pouces - 305,10 x 252,40 mm - Points : 70053<br data-mce-fragment=\"1\" \/>Taille : 14,00 \u00d7 11,59 pouces - 355,80 x 294,40 mm - Points : 89008<\/p>\n<p><strong>Dans les formats \".JEF\" et \".SEW\", nous n'avons que 3 tailles : 3.8 - 4.8 et 5.8 pouces.<\/strong><\/p>\n<p>\u2605 Ceci <strong>C\u0153urs Nike<\/strong><strong>\u00a0Logo brod\u00e9 \u00e0 la machine<\/strong> comprend les formats suivants dans un fichier ZIP t\u00e9l\u00e9chargeable \u00e0 l'achat :<\/p>\n<ul>\n<li>Deco, Brother, Baby Lock : <strong>PSE<\/strong><\/li>\n<li>Husqvarna, Viking : <strong>HUS, SEW<\/strong><\/li>\n<li>Janome, Elna, Kenmore : <strong>JEF<\/strong><\/li>\n<li>Melco : <strong>EXP<\/strong><\/li>\n<li>Chanteur :<strong> PCS<\/strong><\/li>\n<li>Compucon, Singer : <strong>XXX<\/strong><\/li>\n<li>Tajima : <strong>DST<\/strong><\/li>\n<li>Pfaff :<b> VIP, VP3<\/b><\/li>\n<\/ul>\n<p>&nbsp;<\/p>\n<p>\u2605 Tous les droits d'auteur et les marques de commerce des images et des personnages utilis\u00e9s appartiennent \u00e0 leurs propri\u00e9taires respectifs et ne sont pas vendus. Cet article n'est pas un produit sous licence et je ne revendique pas la propri\u00e9t\u00e9 des personnages utilis\u00e9s.<\/p>\n<p>&nbsp;<\/p>\n<p>\u2605 Ce mod\u00e8le a \u00e9t\u00e9 test\u00e9 et revu pour garantir une qualit\u00e9 optimale. Les r\u00e9sultats peuvent varier en fonction de la combinaison du tissu et de l'entoilage. Le r\u00e9sultat final peut d\u00e9pendre de votre machine, du tissu, de la qualit\u00e9 et de la tension du fil. Ne redimensionnez pas ou ne modifiez pas le fichier, vous pourriez perdre la qualit\u00e9.<\/p>\n<div id=\"gtx-trans\" style=\"position: absolute; left: 399px; top: 180px;\">\n<div class=\"gtx-trans-icon\"><\/div>\n<\/div>","protected":false},"excerpt":{"rendered":"<style>.elementor-204929 .elementor-element.elementor-element-95a9a0b{margin-top:0px;margin-bottom:0px;padding:0px 0px 0px 0px;overflow:visible;}.elementor-204929 .elementor-element.elementor-element-84e32b5 > .elementor-element-populated{margin:0px 0px 0px 0px;--e-column-margin-right:0px;--e-column-margin-left:0px;padding:0px 0px 0px 0px;}.elementor-204929 .elementor-element.elementor-element-4e302eb{text-align:left;}<\/style>\n<div class=\"porto-block elementor elementor-204929\" data-id=\"204929\">\n<section class=\"elementor-section elementor-top-section elementor-element elementor-element-95a9a0b elementor-section-full_width elementor-section-height-default elementor-section-height-default\" data-id=\"95a9a0b\" data-element_type=\"section\" data-settings=\"{&quot;ekit_has_onepagescroll_dot&quot;:&quot;yes&quot;}\">\n<div class=\"elementor-container elementor-column-gap-default\">\n<div class=\"elementor-column elementor-col-100 elementor-top-column elementor-element elementor-element-84e32b5\" data-id=\"84e32b5\" data-element_type=\"column\">\n<div class=\"elementor-widget-wrap elementor-element-populated\">\n<div class=\"elementor-element elementor-element-4e302eb elementor-widget elementor-widget-image\" data-id=\"4e302eb\" data-element_type=\"widget\" data-settings=\"{&quot;ekit_we_effect_on&quot;:&quot;none&quot;}\" data-widget_type=\"image.default\">\n<div class=\"elementor-widget-container\">\n<style>\/*! elementor - v3.12.1 - 02-04-2023 *\/\n.elementor-widget-image{text-align:center}.elementor-widget-image a{display:inline-block}.elementor-widget-image a img[src$=\".svg\"]{width:48px}.elementor-widget-image img{vertical-align:middle;display:inline-block}<\/style>\n<p>\t\t\t\t\t\t\t\t\t\t\t\t<img decoding=\"async\" width=\"300\" height=\"84\" src=\"https:\/\/embroiderydownload.com\/wp-content\/uploads\/2022\/11\/icons-values-eng.svg\" class=\"attachment-large size-large wp-image-204901\" alt=\"\" loading=\"lazy\" \/>\t\t\t\t\t\t\t\t\t\t\t\t\t\t\t<\/div>\n<\/p><\/div>\n<\/p><\/div>\n<\/p><\/div>\n<\/p><\/div>\n<\/section><\/div>","protected":false},"featured_media":96029,"template":"","meta":[],"product_cat":[12079],"product_tag":[59,209,1206],"yoast_head":"<!-- This site is optimized with the Yoast SEO plugin v17.5 - https:\/\/yoast.com\/wordpress\/plugins\/seo\/ -->\n<title>Nike Hearts Logo Embroidery Design Download - EmbroideryDownload<\/title>\n<meta name=\"description\" content=\"Download Nike Hearts Logo Embroidery Design and add a touch of love to your apparel. Perfect for Valentine&#039;s Day!\" \/>\n<meta name=\"robots\" content=\"index, follow, max-snippet:-1, max-image-preview:large, max-video-preview:-1\" \/>\n<link rel=\"canonical\" href=\"https:\/\/embroiderydownload.com\/fr\/products\/nike-hearts-logo-embroidery-design-download\/\" \/>\n<meta property=\"og:locale\" content=\"fr_FR\" \/>\n<meta property=\"og:type\" content=\"article\" \/>\n<meta property=\"og:title\" content=\"Nike Hearts Logo Embroidery Design Download - EmbroideryDownload\" \/>\n<meta property=\"og:description\" content=\"Download Nike Hearts Logo Embroidery Design and add a touch of love to your apparel. Perfect for Valentine&#039;s Day!\" \/>\n<meta property=\"og:url\" content=\"https:\/\/embroiderydownload.com\/fr\/products\/nike-hearts-logo-embroidery-design-download\/\" \/>\n<meta property=\"og:site_name\" content=\"EmbroideryDownload\" \/>\n<meta property=\"article:modified_time\" content=\"2024-02-28T16:52:41+00:00\" \/>\n<meta property=\"og:image\" content=\"https:\/\/embroiderydownload.com\/wp-content\/uploads\/2021\/10\/embroidery-design-logo_27c35808-44a6-4d06-84ac-4f92a45628d9-1.jpg\" \/>\n\t<meta property=\"og:image:width\" content=\"1312\" \/>\n\t<meta property=\"og:image:height\" content=\"1312\" \/>\n<meta name=\"twitter:card\" content=\"summary_large_image\" \/>\n<meta name=\"twitter:label1\" content=\"Prix\" \/>\n\t<meta name=\"twitter:data1\" content=\"&euro;6.99 &euro;4.99\" \/>\n\t<meta name=\"twitter:label2\" content=\"Availability\" \/>\n\t<meta name=\"twitter:data2\" content=\"In stock\" \/>\n<script type=\"application\/ld+json\" class=\"yoast-schema-graph\">{\"@context\":\"https:\/\/schema.org\",\"@graph\":[{\"@type\":\"WebSite\",\"@id\":\"https:\/\/embroiderydownload.com\/fr\/#website\",\"url\":\"https:\/\/embroiderydownload.com\/fr\/\",\"name\":\"EmbroideryDownload\",\"description\":\"Embroidery Designs Instant Digital Download\",\"potentialAction\":[{\"@type\":\"SearchAction\",\"target\":{\"@type\":\"EntryPoint\",\"urlTemplate\":\"https:\/\/embroiderydownload.com\/fr\/?s={search_term_string}\"},\"query-input\":\"required name=search_term_string\"}],\"inLanguage\":\"fr-FR\"},{\"@type\":\"ImageObject\",\"@id\":\"https:\/\/embroiderydownload.com\/products\/nike-hearts-logo-embroidery-design-download\/#primaryimage\",\"inLanguage\":\"fr-FR\",\"url\":\"https:\/\/embroiderydownload.com\/wp-content\/uploads\/2021\/10\/embroidery-design-logo_27c35808-44a6-4d06-84ac-4f92a45628d9-1.jpg\",\"contentUrl\":\"https:\/\/embroiderydownload.com\/wp-content\/uploads\/2021\/10\/embroidery-design-logo_27c35808-44a6-4d06-84ac-4f92a45628d9-1.jpg\",\"width\":1312,\"height\":1312},{\"@type\":\"WebPage\",\"@id\":\"https:\/\/embroiderydownload.com\/products\/nike-hearts-logo-embroidery-design-download\/#webpage\",\"url\":\"https:\/\/embroiderydownload.com\/products\/nike-hearts-logo-embroidery-design-download\/\",\"name\":\"Nike Hearts Logo Embroidery Design Download - EmbroideryDownload\",\"isPartOf\":{\"@id\":\"https:\/\/embroiderydownload.com\/fr\/#website\"},\"primaryImageOfPage\":{\"@id\":\"https:\/\/embroiderydownload.com\/products\/nike-hearts-logo-embroidery-design-download\/#primaryimage\"},\"datePublished\":\"2021-10-27T17:13:15+00:00\",\"dateModified\":\"2024-02-28T16:52:41+00:00\",\"description\":\"Download Nike Hearts Logo Embroidery Design and add a touch of love to your apparel. Perfect for Valentine's Day!\",\"breadcrumb\":{\"@id\":\"https:\/\/embroiderydownload.com\/products\/nike-hearts-logo-embroidery-design-download\/#breadcrumb\"},\"inLanguage\":\"fr-FR\",\"potentialAction\":[{\"@type\":\"ReadAction\",\"target\":[\"https:\/\/embroiderydownload.com\/products\/nike-hearts-logo-embroidery-design-download\/\"]}]},{\"@type\":\"BreadcrumbList\",\"@id\":\"https:\/\/embroiderydownload.com\/products\/nike-hearts-logo-embroidery-design-download\/#breadcrumb\",\"itemListElement\":[{\"@type\":\"ListItem\",\"position\":1,\"name\":\"Shop\",\"item\":\"https:\/\/embroiderydownload.com\/it\/negozio-2\/\"},{\"@type\":\"ListItem\",\"position\":2,\"name\":\"Nike Hearts Logo Embroidery Design Download\"}]}]}<\/script>\n<!-- \/ Yoast SEO plugin. -->","yoast_head_json":{"title":"Nike Hearts Logo Embroidery Design Download - EmbroideryDownload","description":"Download Nike Hearts Logo Embroidery Design and add a touch of love to your apparel. Perfect for Valentine's Day!","robots":{"index":"index","follow":"follow","max-snippet":"max-snippet:-1","max-image-preview":"max-image-preview:large","max-video-preview":"max-video-preview:-1"},"canonical":"https:\/\/embroiderydownload.com\/fr\/products\/nike-hearts-logo-embroidery-design-download\/","og_locale":"fr_FR","og_type":"article","og_title":"Nike Hearts Logo Embroidery Design Download - EmbroideryDownload","og_description":"Download Nike Hearts Logo Embroidery Design and add a touch of love to your apparel. Perfect for Valentine's Day!","og_url":"https:\/\/embroiderydownload.com\/fr\/products\/nike-hearts-logo-embroidery-design-download\/","og_site_name":"EmbroideryDownload","article_modified_time":"2024-02-28T16:52:41+00:00","og_image":[{"width":1312,"height":1312,"url":"https:\/\/embroiderydownload.com\/wp-content\/uploads\/2021\/10\/embroidery-design-logo_27c35808-44a6-4d06-84ac-4f92a45628d9-1.jpg","type":"image\/jpeg"}],"twitter_card":"summary_large_image","twitter_misc":{"Prix":"&euro;6.99 &euro;4.99","Availability":"In stock"},"schema":{"@context":"https:\/\/schema.org","@graph":[{"@type":"WebSite","@id":"https:\/\/embroiderydownload.com\/fr\/#website","url":"https:\/\/embroiderydownload.com\/fr\/","name":"EmbroideryDownload","description":"Embroidery Designs Instant Digital Download","potentialAction":[{"@type":"SearchAction","target":{"@type":"EntryPoint","urlTemplate":"https:\/\/embroiderydownload.com\/fr\/?s={search_term_string}"},"query-input":"required name=search_term_string"}],"inLanguage":"fr-FR"},{"@type":"ImageObject","@id":"https:\/\/embroiderydownload.com\/products\/nike-hearts-logo-embroidery-design-download\/#primaryimage","inLanguage":"fr-FR","url":"https:\/\/embroiderydownload.com\/wp-content\/uploads\/2021\/10\/embroidery-design-logo_27c35808-44a6-4d06-84ac-4f92a45628d9-1.jpg","contentUrl":"https:\/\/embroiderydownload.com\/wp-content\/uploads\/2021\/10\/embroidery-design-logo_27c35808-44a6-4d06-84ac-4f92a45628d9-1.jpg","width":1312,"height":1312},{"@type":"WebPage","@id":"https:\/\/embroiderydownload.com\/products\/nike-hearts-logo-embroidery-design-download\/#webpage","url":"https:\/\/embroiderydownload.com\/products\/nike-hearts-logo-embroidery-design-download\/","name":"Nike Hearts Logo Embroidery Design Download - EmbroideryDownload","isPartOf":{"@id":"https:\/\/embroiderydownload.com\/fr\/#website"},"primaryImageOfPage":{"@id":"https:\/\/embroiderydownload.com\/products\/nike-hearts-logo-embroidery-design-download\/#primaryimage"},"datePublished":"2021-10-27T17:13:15+00:00","dateModified":"2024-02-28T16:52:41+00:00","description":"Download Nike Hearts Logo Embroidery Design and add a touch of love to your apparel. Perfect for Valentine's Day!","breadcrumb":{"@id":"https:\/\/embroiderydownload.com\/products\/nike-hearts-logo-embroidery-design-download\/#breadcrumb"},"inLanguage":"fr-FR","potentialAction":[{"@type":"ReadAction","target":["https:\/\/embroiderydownload.com\/products\/nike-hearts-logo-embroidery-design-download\/"]}]},{"@type":"BreadcrumbList","@id":"https:\/\/embroiderydownload.com\/products\/nike-hearts-logo-embroidery-design-download\/#breadcrumb","itemListElement":[{"@type":"ListItem","position":1,"name":"Shop","item":"https:\/\/embroiderydownload.com\/it\/negozio-2\/"},{"@type":"ListItem","position":2,"name":"Nike Hearts Logo Embroidery Design Download"}]}]}},"_links":{"self":[{"href":"https:\/\/embroiderydownload.com\/fr\/wp-json\/wp\/v2\/product\/96028"}],"collection":[{"href":"https:\/\/embroiderydownload.com\/fr\/wp-json\/wp\/v2\/product"}],"about":[{"href":"https:\/\/embroiderydownload.com\/fr\/wp-json\/wp\/v2\/types\/product"}],"version-history":[{"count":2,"href":"https:\/\/embroiderydownload.com\/fr\/wp-json\/wp\/v2\/product\/96028\/revisions"}],"predecessor-version":[{"id":215492,"href":"https:\/\/embroiderydownload.com\/fr\/wp-json\/wp\/v2\/product\/96028\/revisions\/215492"}],"wp:featuredmedia":[{"embeddable":true,"href":"https:\/\/embroiderydownload.com\/fr\/wp-json\/wp\/v2\/media\/96029"}],"wp:attachment":[{"href":"https:\/\/embroiderydownload.com\/fr\/wp-json\/wp\/v2\/media?parent=96028"}],"wp:term":[{"taxonomy":"product_cat","embeddable":true,"href":"https:\/\/embroiderydownload.com\/fr\/wp-json\/wp\/v2\/product_cat?post=96028"},{"taxonomy":"product_tag","embeddable":true,"href":"https:\/\/embroiderydownload.com\/fr\/wp-json\/wp\/v2\/product_tag?post=96028"}],"curies":[{"name":"wp","href":"https:\/\/api.w.org\/{rel}","templated":true}]}}