{"id":97720,"date":"2021-10-27T19:22:11","date_gmt":"2021-10-27T17:22:11","guid":{"rendered":"https:\/\/embroiderydownload.com\/product\/pepe-jeans-logo-embroidery-design-download\/"},"modified":"2023-03-30T10:59:16","modified_gmt":"2023-03-30T08:59:16","slug":"pepe-jeans-logo-embroidery-design-download","status":"publish","type":"product","link":"https:\/\/embroiderydownload.com\/fr\/products\/pepe-jeans-logo-broderie-design-download\/","title":{"rendered":"Pepe Jeans Logo Embroidery Design Download"},"content":{"rendered":"<p>&nbsp;<\/p>\n<p><strong>Pepe Jeans Logo<\/strong> Motifs de broderie machine \u00e0 t\u00e9l\u00e9charger instantan\u00e9ment. Motifs de broderie machine Machine de haute qualit\u00e9.<\/p>\n<p>\u2605 Taille 2,95 \u00d7 1,10 pouces - 75,00 x 28,00 mm - Points : 2387<\/p>\n<p>\u2605 Formats qui seront inclus dans un fichier ZIP lors de l'achat<\/p>\n<ul>\n<li>Deco, Brother, Baby Lock :\u00a0<strong>PSE, PEC<\/strong><\/li>\n<li>Husqvarna, Viking :\u00a0<strong>HUS, SEW<\/strong><\/li>\n<li>Janome, Elna, Kenmore :\u00a0<strong>JEF<\/strong><\/li>\n<li>Melco :\u00a0<strong>EXP<\/strong><\/li>\n<li>Chanteur :<strong>\u00a0PCS<\/strong><\/li>\n<li>Compucon, Singer :\u00a0<strong>XXX<\/strong><\/li>\n<li>Tajima :\u00a0<strong>DST, DGT<\/strong><\/li>\n<li>Pfaff :<b>\u00a0VIP, VP3<\/b><\/li>\n<\/ul>\n<p>Les mesures et les formats sont donn\u00e9s \u00e0 titre indicatif.<\/p>","protected":false},"excerpt":{"rendered":"<p>&nbsp; Pepe Jeans Logo professional embroidery design digital Instant Download.\u00a0High quality embroidery machine design. \u2605 Size\u00a02,95 \u00d7\u00a01,10 inch &#8211;\u00a075,00 x\u00a028,00 mm &#8211; Stitches:\u00a02387 \u2605 Formats that will be included in a ZIP File upon purchase Deco, Brother, Baby Lock:\u00a0PES, PEC Husqvarna, Viking:\u00a0HUS, SEW Janome, Elna, Kenmore:\u00a0JEF Melco:\u00a0EXP Singer:\u00a0PCS Compucon, Singer:\u00a0XXX Tajima:\u00a0DST, DGT Pfaff:\u00a0VIP, VP3 The [&hellip;]<\/p>","protected":false},"featured_media":97721,"template":"","meta":[],"product_cat":[12078],"product_tag":[1050],"yoast_head":"<!-- This site is optimized with the Yoast SEO plugin v17.5 - https:\/\/yoast.com\/wordpress\/plugins\/seo\/ -->\n<title>Pepe Jeans Logo Embroidery Design Download - EmbroideryDownload<\/title>\n<meta name=\"description\" content=\"Download Pepe Jeans Logo Embroidery Design now and elevate your fashion game!\" \/>\n<meta name=\"robots\" content=\"index, follow, max-snippet:-1, max-image-preview:large, max-video-preview:-1\" \/>\n<link rel=\"canonical\" href=\"https:\/\/embroiderydownload.com\/fr\/products\/pepe-jeans-logo-broderie-design-download\/\" \/>\n<meta property=\"og:locale\" content=\"fr_FR\" \/>\n<meta property=\"og:type\" content=\"article\" \/>\n<meta property=\"og:title\" content=\"Pepe Jeans Logo Embroidery Design Download - EmbroideryDownload\" \/>\n<meta property=\"og:description\" content=\"Download Pepe Jeans Logo Embroidery Design now and elevate your fashion game!\" \/>\n<meta property=\"og:url\" content=\"https:\/\/embroiderydownload.com\/fr\/products\/pepe-jeans-logo-broderie-design-download\/\" \/>\n<meta property=\"og:site_name\" content=\"EmbroideryDownload\" \/>\n<meta property=\"article:modified_time\" content=\"2023-03-30T08:59:16+00:00\" \/>\n<meta property=\"og:image\" content=\"https:\/\/embroiderydownload.com\/wp-content\/uploads\/2021\/10\/embroidery-design-logo_6054682c-66f4-4d3b-b84c-2aceb1a18e5f-1.jpg\" \/>\n\t<meta property=\"og:image:width\" content=\"700\" \/>\n\t<meta property=\"og:image:height\" content=\"700\" \/>\n<meta name=\"twitter:card\" content=\"summary_large_image\" \/>\n<meta name=\"twitter:label1\" content=\"Prix\" \/>\n\t<meta name=\"twitter:data1\" content=\"&euro;5.00 &euro;2.99\" \/>\n\t<meta name=\"twitter:label2\" content=\"Availability\" \/>\n\t<meta name=\"twitter:data2\" content=\"In stock\" \/>\n<script type=\"application\/ld+json\" class=\"yoast-schema-graph\">{\"@context\":\"https:\/\/schema.org\",\"@graph\":[{\"@type\":\"WebSite\",\"@id\":\"https:\/\/embroiderydownload.com\/fr\/#website\",\"url\":\"https:\/\/embroiderydownload.com\/fr\/\",\"name\":\"EmbroideryDownload\",\"description\":\"Embroidery Designs Instant Digital Download\",\"potentialAction\":[{\"@type\":\"SearchAction\",\"target\":{\"@type\":\"EntryPoint\",\"urlTemplate\":\"https:\/\/embroiderydownload.com\/fr\/?s={search_term_string}\"},\"query-input\":\"required name=search_term_string\"}],\"inLanguage\":\"fr-FR\"},{\"@type\":\"ImageObject\",\"@id\":\"https:\/\/embroiderydownload.com\/products\/pepe-jeans-logo-embroidery-design-download\/#primaryimage\",\"inLanguage\":\"fr-FR\",\"url\":\"https:\/\/embroiderydownload.com\/wp-content\/uploads\/2021\/10\/embroidery-design-logo_6054682c-66f4-4d3b-b84c-2aceb1a18e5f-1.jpg\",\"contentUrl\":\"https:\/\/embroiderydownload.com\/wp-content\/uploads\/2021\/10\/embroidery-design-logo_6054682c-66f4-4d3b-b84c-2aceb1a18e5f-1.jpg\",\"width\":700,\"height\":700},{\"@type\":\"WebPage\",\"@id\":\"https:\/\/embroiderydownload.com\/products\/pepe-jeans-logo-embroidery-design-download\/#webpage\",\"url\":\"https:\/\/embroiderydownload.com\/products\/pepe-jeans-logo-embroidery-design-download\/\",\"name\":\"Pepe Jeans Logo Embroidery Design Download - EmbroideryDownload\",\"isPartOf\":{\"@id\":\"https:\/\/embroiderydownload.com\/fr\/#website\"},\"primaryImageOfPage\":{\"@id\":\"https:\/\/embroiderydownload.com\/products\/pepe-jeans-logo-embroidery-design-download\/#primaryimage\"},\"datePublished\":\"2021-10-27T17:22:11+00:00\",\"dateModified\":\"2023-03-30T08:59:16+00:00\",\"description\":\"Download Pepe Jeans Logo Embroidery Design now and elevate your fashion game!\",\"breadcrumb\":{\"@id\":\"https:\/\/embroiderydownload.com\/products\/pepe-jeans-logo-embroidery-design-download\/#breadcrumb\"},\"inLanguage\":\"fr-FR\",\"potentialAction\":[{\"@type\":\"ReadAction\",\"target\":[\"https:\/\/embroiderydownload.com\/products\/pepe-jeans-logo-embroidery-design-download\/\"]}]},{\"@type\":\"BreadcrumbList\",\"@id\":\"https:\/\/embroiderydownload.com\/products\/pepe-jeans-logo-embroidery-design-download\/#breadcrumb\",\"itemListElement\":[{\"@type\":\"ListItem\",\"position\":1,\"name\":\"Shop\",\"item\":\"https:\/\/embroiderydownload.com\/it\/negozio-2\/\"},{\"@type\":\"ListItem\",\"position\":2,\"name\":\"Pepe Jeans Logo Embroidery Design Download\"}]}]}<\/script>\n<!-- \/ Yoast SEO plugin. -->","yoast_head_json":{"title":"Pepe Jeans Logo Embroidery Design Download - EmbroideryDownload","description":"Download Pepe Jeans Logo Embroidery Design now and elevate your fashion game!","robots":{"index":"index","follow":"follow","max-snippet":"max-snippet:-1","max-image-preview":"max-image-preview:large","max-video-preview":"max-video-preview:-1"},"canonical":"https:\/\/embroiderydownload.com\/fr\/products\/pepe-jeans-logo-broderie-design-download\/","og_locale":"fr_FR","og_type":"article","og_title":"Pepe Jeans Logo Embroidery Design Download - EmbroideryDownload","og_description":"Download Pepe Jeans Logo Embroidery Design now and elevate your fashion game!","og_url":"https:\/\/embroiderydownload.com\/fr\/products\/pepe-jeans-logo-broderie-design-download\/","og_site_name":"EmbroideryDownload","article_modified_time":"2023-03-30T08:59:16+00:00","og_image":[{"width":700,"height":700,"url":"https:\/\/embroiderydownload.com\/wp-content\/uploads\/2021\/10\/embroidery-design-logo_6054682c-66f4-4d3b-b84c-2aceb1a18e5f-1.jpg","type":"image\/jpeg"}],"twitter_card":"summary_large_image","twitter_misc":{"Prix":"&euro;5.00 &euro;2.99","Availability":"In stock"},"schema":{"@context":"https:\/\/schema.org","@graph":[{"@type":"WebSite","@id":"https:\/\/embroiderydownload.com\/fr\/#website","url":"https:\/\/embroiderydownload.com\/fr\/","name":"EmbroideryDownload","description":"Embroidery Designs Instant Digital Download","potentialAction":[{"@type":"SearchAction","target":{"@type":"EntryPoint","urlTemplate":"https:\/\/embroiderydownload.com\/fr\/?s={search_term_string}"},"query-input":"required name=search_term_string"}],"inLanguage":"fr-FR"},{"@type":"ImageObject","@id":"https:\/\/embroiderydownload.com\/products\/pepe-jeans-logo-embroidery-design-download\/#primaryimage","inLanguage":"fr-FR","url":"https:\/\/embroiderydownload.com\/wp-content\/uploads\/2021\/10\/embroidery-design-logo_6054682c-66f4-4d3b-b84c-2aceb1a18e5f-1.jpg","contentUrl":"https:\/\/embroiderydownload.com\/wp-content\/uploads\/2021\/10\/embroidery-design-logo_6054682c-66f4-4d3b-b84c-2aceb1a18e5f-1.jpg","width":700,"height":700},{"@type":"WebPage","@id":"https:\/\/embroiderydownload.com\/products\/pepe-jeans-logo-embroidery-design-download\/#webpage","url":"https:\/\/embroiderydownload.com\/products\/pepe-jeans-logo-embroidery-design-download\/","name":"Pepe Jeans Logo Embroidery Design Download - EmbroideryDownload","isPartOf":{"@id":"https:\/\/embroiderydownload.com\/fr\/#website"},"primaryImageOfPage":{"@id":"https:\/\/embroiderydownload.com\/products\/pepe-jeans-logo-embroidery-design-download\/#primaryimage"},"datePublished":"2021-10-27T17:22:11+00:00","dateModified":"2023-03-30T08:59:16+00:00","description":"Download Pepe Jeans Logo Embroidery Design now and elevate your fashion game!","breadcrumb":{"@id":"https:\/\/embroiderydownload.com\/products\/pepe-jeans-logo-embroidery-design-download\/#breadcrumb"},"inLanguage":"fr-FR","potentialAction":[{"@type":"ReadAction","target":["https:\/\/embroiderydownload.com\/products\/pepe-jeans-logo-embroidery-design-download\/"]}]},{"@type":"BreadcrumbList","@id":"https:\/\/embroiderydownload.com\/products\/pepe-jeans-logo-embroidery-design-download\/#breadcrumb","itemListElement":[{"@type":"ListItem","position":1,"name":"Shop","item":"https:\/\/embroiderydownload.com\/it\/negozio-2\/"},{"@type":"ListItem","position":2,"name":"Pepe Jeans Logo Embroidery Design Download"}]}]}},"_links":{"self":[{"href":"https:\/\/embroiderydownload.com\/fr\/wp-json\/wp\/v2\/product\/97720"}],"collection":[{"href":"https:\/\/embroiderydownload.com\/fr\/wp-json\/wp\/v2\/product"}],"about":[{"href":"https:\/\/embroiderydownload.com\/fr\/wp-json\/wp\/v2\/types\/product"}],"version-history":[{"count":3,"href":"https:\/\/embroiderydownload.com\/fr\/wp-json\/wp\/v2\/product\/97720\/revisions"}],"predecessor-version":[{"id":205390,"href":"https:\/\/embroiderydownload.com\/fr\/wp-json\/wp\/v2\/product\/97720\/revisions\/205390"}],"wp:featuredmedia":[{"embeddable":true,"href":"https:\/\/embroiderydownload.com\/fr\/wp-json\/wp\/v2\/media\/97721"}],"wp:attachment":[{"href":"https:\/\/embroiderydownload.com\/fr\/wp-json\/wp\/v2\/media?parent=97720"}],"wp:term":[{"taxonomy":"product_cat","embeddable":true,"href":"https:\/\/embroiderydownload.com\/fr\/wp-json\/wp\/v2\/product_cat?post=97720"},{"taxonomy":"product_tag","embeddable":true,"href":"https:\/\/embroiderydownload.com\/fr\/wp-json\/wp\/v2\/product_tag?post=97720"}],"curies":[{"name":"wp","href":"https:\/\/api.w.org\/{rel}","templated":true}]}}