{"id":3,"date":"2021-08-09T11:25:32","date_gmt":"2021-08-09T11:25:32","guid":{"rendered":"https:\/\/embroiderydownload.com\/?page_id=3"},"modified":"2022-09-23T10:29:38","modified_gmt":"2022-09-23T08:29:38","slug":"privacy-policy","status":"publish","type":"page","link":"https:\/\/embroiderydownload.com\/it\/informativa-sulla-privacy\/","title":{"rendered":"Informativa sulla privacy"},"content":{"rendered":"<h2 class=\"wp-block-heading\" id=\"h-who-we-are\">Chi siamo<\/h2>\n\n\n\n<p><strong class=\"privacy-policy-tutorial\">RicamoScarica<\/strong> \u00e8 un'azienda che vende ricami digitali da scaricare per macchine da ricamo; offriamo un gran numero di formati e dimensioni per soddisfare le esigenze dei nostri clienti. Se volete saperne di pi\u00f9 su di noi <a href=\"https:\/\/embroiderydownload.com\/it\/chi-siamo\/\" target=\"_blank\" rel=\"noreferrer noopener\">clicca qui<\/a>.<\/p>\n\n\n\n<h1 class=\"wp-block-heading\">Informativa sulla privacy per EmbroideryDownload<\/h1>\n\n\n\n<p>A EmbroideryDownload, accessibile da embroiderydownload.com, una delle nostre principali priorit\u00e0 \u00e8 la privacy dei nostri visitatori. Questo documento sulla privacy contiene i tipi di informazioni che vengono raccolte e registrate da EmbroideryDownload e come le utilizziamo.<\/p>\n\n\n\n<p>Se avete ulteriori domande o desiderate maggiori informazioni sulla nostra Informativa sulla privacy, non esitate a contattarci.<\/p>\n\n\n\n<p>Questa politica sulla privacy si applica solo alle nostre attivit\u00e0 online ed \u00e8 valida per i visitatori del nostro sito web per quanto riguarda le informazioni che hanno condiviso e\/o raccolto in EmbroideryDownload. Questa politica non \u00e8 applicabile a qualsiasi informazione raccolta offline o tramite canali diversi da questo sito web.<\/p>\n\n\n\n<h2 class=\"wp-block-heading\">Consenso<\/h2>\n\n\n\n<p>Utilizzando il nostro sito web, l'utente acconsente alla nostra Informativa sulla privacy e ne accetta i termini.<\/p>\n\n\n\n<h2 class=\"wp-block-heading\">Informazioni raccolte<\/h2>\n\n\n\n<p>I dati personali che vi vengono richiesti e i motivi per cui vi vengono richiesti vi saranno chiariti nel momento in cui vi chiediamo di fornire i vostri dati personali.<\/p>\n\n\n\n<p>Se ci contattate direttamente, potremmo ricevere ulteriori informazioni su di voi, come il vostro nome, l'indirizzo e-mail, il numero di telefono, il contenuto del messaggio e\/o degli allegati che ci inviate e qualsiasi altra informazione che decidiate di fornirci.<\/p>\n\n\n\n<p>Quando l'utente si registra per un Account, potremmo richiedere le sue informazioni di contatto, tra cui nome, ragione sociale, indirizzo, indirizzo e-mail e numero di telefono.<\/p>\n\n\n\n<h2 class=\"wp-block-heading\">Come utilizziamo le vostre informazioni<\/h2>\n\n\n\n<p>Utilizziamo le informazioni raccolte in vari modi, tra cui per:<\/p>\n\n\n\n<ul><li>Fornire, gestire e mantenere il nostro sito web<\/li><li>Migliorare, personalizzare ed espandere il nostro sito web<\/li><li>Capire e analizzare il modo in cui l'utente utilizza il nostro sito web<\/li><li>Sviluppare nuovi prodotti, servizi, caratteristiche e funzionalit\u00e0.<\/li><li>Comunicare con voi, direttamente o tramite uno dei nostri partner, anche per il servizio clienti, per fornirvi aggiornamenti e altre informazioni relative al sito web e per scopi di marketing e promozionali.<\/li><li>Inviarvi e-mail<\/li><li>Individuare e prevenire le frodi<\/li><\/ul>\n\n\n\n<h2 class=\"wp-block-heading\">File di registro<\/h2>\n\n\n\n<p>EmbroideryDownload segue una procedura standard di utilizzo dei file di log. Questi file registrano i visitatori quando visitano i siti web. Tutte le societ\u00e0 di hosting lo fanno e fanno parte dell'analisi dei servizi di hosting. Le informazioni raccolte dai file di registro includono gli indirizzi del protocollo Internet (IP), il tipo di browser, l'Internet Service Provider (ISP), la data e l'ora, le pagine di riferimento\/uscita ed eventualmente il numero di clic. Questi dati non sono collegati ad alcuna informazione di identificazione personale. Lo scopo di queste informazioni \u00e8 l'analisi delle tendenze, l'amministrazione del sito, il monitoraggio dei movimenti degli utenti sul sito e la raccolta di informazioni demografiche.<\/p>\n\n\n\n<h2 class=\"wp-block-heading\">Cookie e Web Beacon<\/h2>\n\n\n\n<p>Come qualsiasi altro sito web, EmbroideryDownload utilizza i \"cookie\". Questi cookie sono utilizzati per memorizzare informazioni tra cui le preferenze dei visitatori e le pagine del sito web a cui il visitatore ha avuto accesso o che ha visitato. Le informazioni vengono utilizzate per ottimizzare l'esperienza degli utenti personalizzando il contenuto delle nostre pagine web in base al tipo di browser dei visitatori e\/o ad altre informazioni.<\/p>\n\n\n\n<h2 class=\"wp-block-heading\">Partner pubblicitari Informativa sulla privacy<\/h2>\n\n\n\n<p>\u00c8 possibile consultare questo elenco per trovare l'informativa sulla privacy di ciascuno dei partner pubblicitari di EmbroideryDownload.<\/p>\n\n\n\n<p>I server pubblicitari di terze parti o le reti pubblicitarie utilizzano tecnologie come i cookie, i JavaScript o i Web Beacon che vengono utilizzati nei rispettivi annunci e link che appaiono su EmbroideryDownload e che vengono inviati direttamente al browser degli utenti. Quando ci\u00f2 avviene, ricevono automaticamente il vostro indirizzo IP. Queste tecnologie vengono utilizzate per misurare l'efficacia delle loro campagne pubblicitarie e\/o per personalizzare il contenuto pubblicitario che vedete sui siti web che visitate.<\/p>\n\n\n\n<p>Si noti che EmbroideryDownload non ha accesso o controllo su questi cookie utilizzati da inserzionisti terzi.<\/p>\n\n\n\n<h2 class=\"wp-block-heading\">Politiche sulla privacy di terzi<\/h2>\n\n\n\n<p>La politica sulla privacy di EmbroideryDownload non si applica ad altri inserzionisti o siti web. Pertanto, vi consigliamo di consultare le rispettive Politiche sulla privacy di questi server pubblicitari di terze parti per informazioni pi\u00f9 dettagliate. Queste possono includere le loro pratiche e le istruzioni su come rinunciare a determinate opzioni.<\/p>\n\n\n\n<p>\u00c8 possibile scegliere di disabilitare i cookie attraverso le opzioni del proprio browser. Per informazioni pi\u00f9 dettagliate sulla gestione dei cookie con specifici browser web, \u00e8 possibile consultare i rispettivi siti web.<\/p>\n\n\n\n<h2 class=\"wp-block-heading\">Diritti alla privacy CCPA (non vendere le mie informazioni personali)<\/h2>\n\n\n\n<p>Ai sensi del CCPA, tra gli altri diritti, i consumatori californiani hanno il diritto di:<\/p>\n\n\n\n<p>Richiedere che un'azienda che raccoglie i dati personali di un consumatore divulghi le categorie e i dati personali specifici che l'azienda ha raccolto sui consumatori.<\/p>\n\n\n\n<p>Richiedere che un'azienda cancelli tutti i dati personali del consumatore che ha raccolto.<\/p>\n\n\n\n<p>Richiedere che un'azienda che vende i dati personali di un consumatore non venda i dati personali del consumatore.<\/p>\n\n\n\n<p>In caso di richiesta, abbiamo un mese di tempo per rispondere. Se desiderate esercitare uno di questi diritti, contattateci.<\/p>\n\n\n\n<h2 class=\"wp-block-heading\">Diritti di protezione dei dati GDPR<\/h2>\n\n\n\n<p>Desideriamo assicurarci che l'utente sia pienamente consapevole di tutti i suoi diritti in materia di protezione dei dati. Ogni utente ha diritto a quanto segue:<\/p>\n\n\n\n<p>Diritto di accesso - Avete il diritto di richiedere copie dei vostri dati personali. Potremmo addebitarvi un piccolo costo per questo servizio.<\/p>\n\n\n\n<p>Diritto di rettifica - L'utente ha il diritto di richiedere la correzione delle informazioni che ritiene inesatte. Ha inoltre il diritto di richiedere che vengano completate le informazioni che ritiene incomplete.<\/p>\n\n\n\n<p>Diritto alla cancellazione - Avete il diritto di richiedere la cancellazione dei vostri dati personali, a determinate condizioni.<\/p>\n\n\n\n<p>Diritto di limitare l'elaborazione - Avete il diritto di richiedere la limitazione dell'elaborazione dei vostri dati personali, a determinate condizioni.<\/p>\n\n\n\n<p>Diritto di opposizione al trattamento - Avete il diritto di opporvi al trattamento dei vostri dati personali da parte nostra, a determinate condizioni.<\/p>\n\n\n\n<p>Diritto alla portabilit\u00e0 dei dati - L'utente ha il diritto di richiedere il trasferimento dei dati da noi raccolti a un'altra organizzazione o direttamente a lui, a determinate condizioni.<\/p>\n\n\n\n<p>In caso di richiesta, abbiamo un mese di tempo per rispondere. Se desiderate esercitare uno di questi diritti, contattateci.<\/p>","protected":false},"excerpt":{"rendered":"<p>Chi siamo RicamiDownload \u00e8 un'azienda che vende ricami digitali per macchine da ricamo; offriamo un gran numero di formati e dimensioni per soddisfare le esigenze dei nostri clienti. Se volete saperne di pi\u00f9 su di noi, cliccate qui. Informativa sulla privacy per EmbroideryDownload In EmbroideryDownload, accessibile da embroiderydownload.com, una delle nostre principali priorit\u00e0 [...]<\/p>","protected":false},"author":1,"featured_media":0,"parent":0,"menu_order":0,"comment_status":"closed","ping_status":"open","template":"","meta":{"footnotes":""},"yoast_head":"<!-- This site is optimized with the Yoast SEO plugin v17.5 - https:\/\/yoast.com\/wordpress\/plugins\/seo\/ -->\n<title>Privacy Policy - EmbroideryDownload<\/title>\n<meta name=\"robots\" content=\"noindex, follow\" \/>\n<meta property=\"og:locale\" content=\"it_IT\" \/>\n<meta property=\"og:type\" content=\"article\" \/>\n<meta property=\"og:title\" content=\"Privacy Policy - EmbroideryDownload\" \/>\n<meta property=\"og:description\" content=\"Who we are EmbroideryDownload is a company that sells digital embroidery designs for embroidery machines, we offer a large number of formats and sizes to suit the needs of our customers. If you want to know more about us click here. Privacy Policy for EmbroideryDownload At EmbroideryDownload, accessible from embroiderydownload.com, one of our main priorities [&hellip;]\" \/>\n<meta property=\"og:url\" content=\"https:\/\/embroiderydownload.com\/it\/informativa-sulla-privacy\/\" \/>\n<meta property=\"og:site_name\" content=\"EmbroideryDownload\" \/>\n<meta property=\"article:modified_time\" content=\"2022-09-23T08:29:38+00:00\" \/>\n<meta name=\"twitter:card\" content=\"summary_large_image\" \/>\n<meta name=\"twitter:label1\" content=\"Tempo di lettura stimato\" \/>\n\t<meta name=\"twitter:data1\" content=\"5 minuti\" \/>\n<script type=\"application\/ld+json\" class=\"yoast-schema-graph\">{\"@context\":\"https:\/\/schema.org\",\"@graph\":[{\"@type\":\"WebSite\",\"@id\":\"https:\/\/embroiderydownload.com\/fr\/#website\",\"url\":\"https:\/\/embroiderydownload.com\/fr\/\",\"name\":\"EmbroideryDownload\",\"description\":\"Embroidery Designs Instant Digital Download\",\"potentialAction\":[{\"@type\":\"SearchAction\",\"target\":{\"@type\":\"EntryPoint\",\"urlTemplate\":\"https:\/\/embroiderydownload.com\/fr\/?s={search_term_string}\"},\"query-input\":\"required name=search_term_string\"}],\"inLanguage\":\"it-IT\"},{\"@type\":\"WebPage\",\"@id\":\"https:\/\/embroiderydownload.com\/privacy-policy\/#webpage\",\"url\":\"https:\/\/embroiderydownload.com\/privacy-policy\/\",\"name\":\"Privacy Policy - EmbroideryDownload\",\"isPartOf\":{\"@id\":\"https:\/\/embroiderydownload.com\/fr\/#website\"},\"datePublished\":\"2021-08-09T11:25:32+00:00\",\"dateModified\":\"2022-09-23T08:29:38+00:00\",\"breadcrumb\":{\"@id\":\"https:\/\/embroiderydownload.com\/privacy-policy\/#breadcrumb\"},\"inLanguage\":\"it-IT\",\"potentialAction\":[{\"@type\":\"ReadAction\",\"target\":[\"https:\/\/embroiderydownload.com\/privacy-policy\/\"]}]},{\"@type\":\"BreadcrumbList\",\"@id\":\"https:\/\/embroiderydownload.com\/privacy-policy\/#breadcrumb\",\"itemListElement\":[{\"@type\":\"ListItem\",\"position\":1,\"name\":\"Privacy Policy\"}]}]}<\/script>\n<!-- \/ Yoast SEO plugin. -->","yoast_head_json":{"title":"Privacy Policy - EmbroideryDownload","robots":{"index":"noindex","follow":"follow"},"og_locale":"it_IT","og_type":"article","og_title":"Privacy Policy - EmbroideryDownload","og_description":"Who we are EmbroideryDownload is a company that sells digital embroidery designs for embroidery machines, we offer a large number of formats and sizes to suit the needs of our customers. If you want to know more about us click here. Privacy Policy for EmbroideryDownload At EmbroideryDownload, accessible from embroiderydownload.com, one of our main priorities [&hellip;]","og_url":"https:\/\/embroiderydownload.com\/it\/informativa-sulla-privacy\/","og_site_name":"EmbroideryDownload","article_modified_time":"2022-09-23T08:29:38+00:00","twitter_card":"summary_large_image","twitter_misc":{"Tempo di lettura stimato":"5 minuti"},"schema":{"@context":"https:\/\/schema.org","@graph":[{"@type":"WebSite","@id":"https:\/\/embroiderydownload.com\/fr\/#website","url":"https:\/\/embroiderydownload.com\/fr\/","name":"EmbroideryDownload","description":"Embroidery Designs Instant Digital Download","potentialAction":[{"@type":"SearchAction","target":{"@type":"EntryPoint","urlTemplate":"https:\/\/embroiderydownload.com\/fr\/?s={search_term_string}"},"query-input":"required name=search_term_string"}],"inLanguage":"it-IT"},{"@type":"WebPage","@id":"https:\/\/embroiderydownload.com\/privacy-policy\/#webpage","url":"https:\/\/embroiderydownload.com\/privacy-policy\/","name":"Privacy Policy - EmbroideryDownload","isPartOf":{"@id":"https:\/\/embroiderydownload.com\/fr\/#website"},"datePublished":"2021-08-09T11:25:32+00:00","dateModified":"2022-09-23T08:29:38+00:00","breadcrumb":{"@id":"https:\/\/embroiderydownload.com\/privacy-policy\/#breadcrumb"},"inLanguage":"it-IT","potentialAction":[{"@type":"ReadAction","target":["https:\/\/embroiderydownload.com\/privacy-policy\/"]}]},{"@type":"BreadcrumbList","@id":"https:\/\/embroiderydownload.com\/privacy-policy\/#breadcrumb","itemListElement":[{"@type":"ListItem","position":1,"name":"Privacy Policy"}]}]}},"_links":{"self":[{"href":"https:\/\/embroiderydownload.com\/it\/wp-json\/wp\/v2\/pages\/3"}],"collection":[{"href":"https:\/\/embroiderydownload.com\/it\/wp-json\/wp\/v2\/pages"}],"about":[{"href":"https:\/\/embroiderydownload.com\/it\/wp-json\/wp\/v2\/types\/page"}],"author":[{"embeddable":true,"href":"https:\/\/embroiderydownload.com\/it\/wp-json\/wp\/v2\/users\/1"}],"replies":[{"embeddable":true,"href":"https:\/\/embroiderydownload.com\/it\/wp-json\/wp\/v2\/comments?post=3"}],"version-history":[{"count":7,"href":"https:\/\/embroiderydownload.com\/it\/wp-json\/wp\/v2\/pages\/3\/revisions"}],"predecessor-version":[{"id":201438,"href":"https:\/\/embroiderydownload.com\/it\/wp-json\/wp\/v2\/pages\/3\/revisions\/201438"}],"wp:attachment":[{"href":"https:\/\/embroiderydownload.com\/it\/wp-json\/wp\/v2\/media?parent=3"}],"curies":[{"name":"wp","href":"https:\/\/api.w.org\/{rel}","templated":true}]}}