{"id":81373,"date":"2021-11-17T05:52:50","date_gmt":"2021-11-17T04:52:50","guid":{"rendered":"https:\/\/embroiderydownload.com\/product\/call-of-duty-logo-embroidery-design-download\/"},"modified":"2023-03-23T14:23:27","modified_gmt":"2023-03-23T13:23:27","slug":"call-of-duty-logo-embroidery-design-download","status":"publish","type":"product","link":"https:\/\/embroiderydownload.com\/it\/products\/disegni-da-scaricare-gratis-per-macchina-da-ricamo-di-call-of-duty-da-scaricare\/","title":{"rendered":"Disegni da scaricare gratis per macchina da ricamo di Call Of Duty Download"},"content":{"rendered":"<p><meta charset=\"utf-8\"><\/p>\n<p><span>Ricami da Scaricare <strong>Call of Duty<\/strong><strong>\u00a0Logo<\/strong>\u00a0- Download Istantaneo - Macchine da ricamo in pi\u00f9 formati. Ricami professionali di alta qualit\u00e0 testati.<\/span><\/p>\n<ul><\/ul>\n<p><meta charset=\"utf-8\"><\/p>\n<p>\u2605 Dimensioni: 3,88 \u00d7 3,92 pollici - 98,80 x 99,60 mm - Punti: 16280<br \/>\u2605 Dimensioni: 4,28 \u00d7 4,31 pollici - 108,90 x 109,70 mm - Punti: 19340<br \/>\u2605 Dimensioni: 4,68 \u00d7 4,71 pollici - 118,90 x 119,80 mm - Punti: 22621<br \/>\u2605 Dimensioni: 5,07 \u00d7 5,11 pollici - 128,80 x 129,80 mm - Punti: 26178<br \/>\u2605 Dimensioni: 5,46 \u00d7 5,50 pollici - 138,70 x 139,80 mm - Punti: 30014<br \/>\u2605 Dimensioni: 5,85 \u00d7 5,89 pollici - 148,60 x 149,80 mm - Punti: 33985<br \/>\u2605 Dimensioni: 6,25 \u00d7 6,28 pollici - 158,80 x 159,70 mm - Punti: 38345<br \/>\u2605 Dimensioni: 4,28 \u00d7 4,31 pollici - 108,90 x 109,70 mm - Punti: 19340<br \/>\u2605 Dimensioni: 4,68 \u00d7 4,71 pollici - 118,90 x 119,80 mm - Punti: 22621<br \/>\u2605 Dimensioni: 5,07 \u00d7 5,11 pollici - 128,80 x 129,80 mm - Punti: 26178<br \/>\u2605 Dimensioni: 5,46 \u00d7 5,50 pollici - 138,70 x 139,80 mm - Punti: 30014<\/p>\n<p><span><br data-mce-fragment=\"1\"><\/span><span>\u2605 Questo <strong>Logo Call Of Duty<\/strong><\/span><strong>\u00a0Ricamo a macchina<\/strong> Il progetto include i formati successivi in un file ZIP scaricabile al momento dell'acquisto:<\/p>\n<ul>\n<li><span>Deco, Brother, Baby Lock: <\/span><strong>PES, PEC<\/strong><\/li>\n<li><span>Janome, Elna, Kenmore: <\/span><strong>JEF, JEF +<\/strong><\/li>\n<li><span>Melco: <\/span><strong>EXP<\/strong><\/li>\n<li>Cantante:<strong> PCS<\/strong><\/li>\n<li><span>Compucon, Singer<\/span>: <strong>XXX<\/strong><\/li>\n<li><span>Tajima: <\/span><strong>DST<\/strong><\/li>\n<li>Pfaff:<b> VIP, VP3<\/b><\/li>\n<li><strong><\/strong>Husqvarna:\u00a0<strong>HUS, SHV<\/strong><\/li>\n<li><strong><\/strong>Altro: <strong>DSB, EDR, PHC, ART<\/strong><\/li>\n<\/ul>\n<p><meta charset=\"utf-8\"><meta charset=\"utf-8\"><\/p>\n<p><span>\u2605\u00a0<\/span>Tutti i diritti d'autore e i marchi delle immagini e dei personaggi utilizzati appartengono ai rispettivi proprietari e non vengono venduti. Questo articolo non \u00e8 un prodotto su licenza e non rivendico la propriet\u00e0 dei personaggi utilizzati.<\/p>\n<p><meta charset=\"utf-8\"><\/p>\n<p><span>\u2605\u00a0<\/span><span>Questo design \u00e8 stato testato e rivisto per garantire la massima qualit\u00e0. R<\/span>I risultati possono variare a seconda della combinazione di tessuto e stabilizzatore. Il risultato finale pu\u00f2 dipendere dalla macchina, dal tessuto, dalla qualit\u00e0 e dalla tensione del filo. Non ridimensionare o modificare il file per non perdere la qualit\u00e0.<\/p>\n<div id=\"gtx-trans\" style=\"position: absolute; left: 44px; top: 275px;\">\n<div class=\"gtx-trans-icon\"><\/div>\n<\/div>","protected":false},"excerpt":{"rendered":"<style>.elementor-204929 .elementor-element.elementor-element-95a9a0b{margin-top:0px;margin-bottom:0px;padding:0px 0px 0px 0px;overflow:visible;}.elementor-204929 .elementor-element.elementor-element-84e32b5 > .elementor-element-populated{margin:0px 0px 0px 0px;--e-column-margin-right:0px;--e-column-margin-left:0px;padding:0px 0px 0px 0px;}.elementor-204929 .elementor-element.elementor-element-4e302eb{text-align:left;}<\/style>\n<div class=\"porto-block elementor elementor-204929\" data-id=\"204929\">\n<section class=\"elementor-section elementor-top-section elementor-element elementor-element-95a9a0b elementor-section-full_width elementor-section-height-default elementor-section-height-default\" data-id=\"95a9a0b\" data-element_type=\"section\" data-settings=\"{&quot;ekit_has_onepagescroll_dot&quot;:&quot;yes&quot;}\">\n<div class=\"elementor-container elementor-column-gap-default\">\n<div class=\"elementor-column elementor-col-100 elementor-top-column elementor-element elementor-element-84e32b5\" data-id=\"84e32b5\" data-element_type=\"column\">\n<div class=\"elementor-widget-wrap elementor-element-populated\">\n<div class=\"elementor-element elementor-element-4e302eb elementor-widget elementor-widget-image\" data-id=\"4e302eb\" data-element_type=\"widget\" data-settings=\"{&quot;ekit_we_effect_on&quot;:&quot;none&quot;}\" data-widget_type=\"image.default\">\n<div class=\"elementor-widget-container\">\n<style>\/*! elementor - v3.12.1 - 02-04-2023 *\/\n.elementor-widget-image{text-align:center}.elementor-widget-image a{display:inline-block}.elementor-widget-image a img[src$=\".svg\"]{width:48px}.elementor-widget-image img{vertical-align:middle;display:inline-block}<\/style>\n<p>\t\t\t\t\t\t\t\t\t\t\t\t<img decoding=\"async\" width=\"300\" height=\"84\" src=\"https:\/\/embroiderydownload.com\/wp-content\/uploads\/2022\/11\/icons-values-eng.svg\" class=\"attachment-large size-large wp-image-204901\" alt=\"\" loading=\"lazy\" \/>\t\t\t\t\t\t\t\t\t\t\t\t\t\t\t<\/div>\n<\/p><\/div>\n<\/p><\/div>\n<\/p><\/div>\n<\/p><\/div>\n<\/section><\/div>","protected":false},"featured_media":81374,"template":"","meta":[],"product_cat":[12176],"product_tag":[369,366,370,371,372,373,374,375],"yoast_head":"<!-- This site is optimized with the Yoast SEO plugin v17.5 - https:\/\/yoast.com\/wordpress\/plugins\/seo\/ -->\n<title>Call Of Duty Logo Embroidery Design Download - EmbroideryDownload<\/title>\n<meta name=\"description\" content=\"Download the Call of Duty logo embroidery design today and elevate your gaming gear.\" \/>\n<meta name=\"robots\" content=\"index, follow, max-snippet:-1, max-image-preview:large, max-video-preview:-1\" \/>\n<link rel=\"canonical\" href=\"https:\/\/embroiderydownload.com\/it\/prodotti\/disegni-da-scaricare-gratis-per-macchina-da-ricamo-di-call-of-duty-da-scaricare\/\" \/>\n<meta property=\"og:locale\" content=\"it_IT\" \/>\n<meta property=\"og:type\" content=\"article\" \/>\n<meta property=\"og:title\" content=\"Call Of Duty Logo Embroidery Design Download - EmbroideryDownload\" \/>\n<meta property=\"og:description\" content=\"Download the Call of Duty logo embroidery design today and elevate your gaming gear.\" \/>\n<meta property=\"og:url\" content=\"https:\/\/embroiderydownload.com\/it\/prodotti\/disegni-da-scaricare-gratis-per-macchina-da-ricamo-di-call-of-duty-da-scaricare\/\" \/>\n<meta property=\"og:site_name\" content=\"EmbroideryDownload\" \/>\n<meta property=\"article:modified_time\" content=\"2023-03-23T13:23:27+00:00\" \/>\n<meta property=\"og:image\" content=\"https:\/\/embroiderydownload.com\/wp-content\/uploads\/2021\/10\/embroidery-design-logo-Recuperado_14b8bffe-317a-4df6-830c-ee0f50917619-3.jpg\" \/>\n\t<meta property=\"og:image:width\" content=\"1312\" \/>\n\t<meta property=\"og:image:height\" content=\"1312\" \/>\n<meta name=\"twitter:card\" content=\"summary_large_image\" \/>\n<meta name=\"twitter:label1\" content=\"Prezzo\" \/>\n\t<meta name=\"twitter:data1\" content=\"&euro;1.99\" \/>\n\t<meta name=\"twitter:label2\" content=\"Availability\" \/>\n\t<meta name=\"twitter:data2\" content=\"In stock\" \/>\n<script type=\"application\/ld+json\" class=\"yoast-schema-graph\">{\"@context\":\"https:\/\/schema.org\",\"@graph\":[{\"@type\":\"WebSite\",\"@id\":\"https:\/\/embroiderydownload.com\/fr\/#website\",\"url\":\"https:\/\/embroiderydownload.com\/fr\/\",\"name\":\"EmbroideryDownload\",\"description\":\"Embroidery Designs Instant Digital Download\",\"potentialAction\":[{\"@type\":\"SearchAction\",\"target\":{\"@type\":\"EntryPoint\",\"urlTemplate\":\"https:\/\/embroiderydownload.com\/fr\/?s={search_term_string}\"},\"query-input\":\"required name=search_term_string\"}],\"inLanguage\":\"it-IT\"},{\"@type\":\"ImageObject\",\"@id\":\"https:\/\/embroiderydownload.com\/it\/prodotti\/disegni-da-scaricare-gratis-per-macchina-da-ricamo-di-call-of-duty-da-scaricare\/#primaryimage\",\"inLanguage\":\"it-IT\",\"url\":\"https:\/\/embroiderydownload.com\/wp-content\/uploads\/2021\/10\/embroidery-design-logo-Recuperado_14b8bffe-317a-4df6-830c-ee0f50917619-3.jpg\",\"contentUrl\":\"https:\/\/embroiderydownload.com\/wp-content\/uploads\/2021\/10\/embroidery-design-logo-Recuperado_14b8bffe-317a-4df6-830c-ee0f50917619-3.jpg\",\"width\":1312,\"height\":1312},{\"@type\":\"WebPage\",\"@id\":\"https:\/\/embroiderydownload.com\/it\/prodotti\/disegni-da-scaricare-gratis-per-macchina-da-ricamo-di-call-of-duty-da-scaricare\/#webpage\",\"url\":\"https:\/\/embroiderydownload.com\/it\/prodotti\/disegni-da-scaricare-gratis-per-macchina-da-ricamo-di-call-of-duty-da-scaricare\/\",\"name\":\"Call Of Duty Logo Embroidery Design Download - EmbroideryDownload\",\"isPartOf\":{\"@id\":\"https:\/\/embroiderydownload.com\/fr\/#website\"},\"primaryImageOfPage\":{\"@id\":\"https:\/\/embroiderydownload.com\/it\/prodotti\/disegni-da-scaricare-gratis-per-macchina-da-ricamo-di-call-of-duty-da-scaricare\/#primaryimage\"},\"datePublished\":\"2021-11-17T04:52:50+00:00\",\"dateModified\":\"2023-03-23T13:23:27+00:00\",\"description\":\"Download the Call of Duty logo embroidery design today and elevate your gaming gear.\",\"breadcrumb\":{\"@id\":\"https:\/\/embroiderydownload.com\/it\/prodotti\/disegni-da-scaricare-gratis-per-macchina-da-ricamo-di-call-of-duty-da-scaricare\/#breadcrumb\"},\"inLanguage\":\"it-IT\",\"potentialAction\":[{\"@type\":\"ReadAction\",\"target\":[\"https:\/\/embroiderydownload.com\/it\/prodotti\/disegni-da-scaricare-gratis-per-macchina-da-ricamo-di-call-of-duty-da-scaricare\/\"]}]},{\"@type\":\"BreadcrumbList\",\"@id\":\"https:\/\/embroiderydownload.com\/it\/prodotti\/disegni-da-scaricare-gratis-per-macchina-da-ricamo-di-call-of-duty-da-scaricare\/#breadcrumb\",\"itemListElement\":[{\"@type\":\"ListItem\",\"position\":1,\"name\":\"Shop\",\"item\":\"https:\/\/embroiderydownload.com\/it\/negozio-2\/\"},{\"@type\":\"ListItem\",\"position\":2,\"name\":\"Call Of Duty Logo Embroidery Design Download\"}]}]}<\/script>\n<!-- \/ Yoast SEO plugin. -->","yoast_head_json":{"title":"Call Of Duty Logo Embroidery Design Download - EmbroideryDownload","description":"Download the Call of Duty logo embroidery design today and elevate your gaming gear.","robots":{"index":"index","follow":"follow","max-snippet":"max-snippet:-1","max-image-preview":"max-image-preview:large","max-video-preview":"max-video-preview:-1"},"canonical":"https:\/\/embroiderydownload.com\/it\/prodotti\/disegni-da-scaricare-gratis-per-macchina-da-ricamo-di-call-of-duty-da-scaricare\/","og_locale":"it_IT","og_type":"article","og_title":"Call Of Duty Logo Embroidery Design Download - EmbroideryDownload","og_description":"Download the Call of Duty logo embroidery design today and elevate your gaming gear.","og_url":"https:\/\/embroiderydownload.com\/it\/prodotti\/disegni-da-scaricare-gratis-per-macchina-da-ricamo-di-call-of-duty-da-scaricare\/","og_site_name":"EmbroideryDownload","article_modified_time":"2023-03-23T13:23:27+00:00","og_image":[{"width":1312,"height":1312,"url":"https:\/\/embroiderydownload.com\/wp-content\/uploads\/2021\/10\/embroidery-design-logo-Recuperado_14b8bffe-317a-4df6-830c-ee0f50917619-3.jpg","type":"image\/jpeg"}],"twitter_card":"summary_large_image","twitter_misc":{"Prezzo":"&euro;1.99","Availability":"In stock"},"schema":{"@context":"https:\/\/schema.org","@graph":[{"@type":"WebSite","@id":"https:\/\/embroiderydownload.com\/fr\/#website","url":"https:\/\/embroiderydownload.com\/fr\/","name":"EmbroideryDownload","description":"Embroidery Designs Instant Digital Download","potentialAction":[{"@type":"SearchAction","target":{"@type":"EntryPoint","urlTemplate":"https:\/\/embroiderydownload.com\/fr\/?s={search_term_string}"},"query-input":"required name=search_term_string"}],"inLanguage":"it-IT"},{"@type":"ImageObject","@id":"https:\/\/embroiderydownload.com\/it\/prodotti\/disegni-da-scaricare-gratis-per-macchina-da-ricamo-di-call-of-duty-da-scaricare\/#primaryimage","inLanguage":"it-IT","url":"https:\/\/embroiderydownload.com\/wp-content\/uploads\/2021\/10\/embroidery-design-logo-Recuperado_14b8bffe-317a-4df6-830c-ee0f50917619-3.jpg","contentUrl":"https:\/\/embroiderydownload.com\/wp-content\/uploads\/2021\/10\/embroidery-design-logo-Recuperado_14b8bffe-317a-4df6-830c-ee0f50917619-3.jpg","width":1312,"height":1312},{"@type":"WebPage","@id":"https:\/\/embroiderydownload.com\/it\/prodotti\/disegni-da-scaricare-gratis-per-macchina-da-ricamo-di-call-of-duty-da-scaricare\/#webpage","url":"https:\/\/embroiderydownload.com\/it\/prodotti\/disegni-da-scaricare-gratis-per-macchina-da-ricamo-di-call-of-duty-da-scaricare\/","name":"Call Of Duty Logo Embroidery Design Download - EmbroideryDownload","isPartOf":{"@id":"https:\/\/embroiderydownload.com\/fr\/#website"},"primaryImageOfPage":{"@id":"https:\/\/embroiderydownload.com\/it\/prodotti\/disegni-da-scaricare-gratis-per-macchina-da-ricamo-di-call-of-duty-da-scaricare\/#primaryimage"},"datePublished":"2021-11-17T04:52:50+00:00","dateModified":"2023-03-23T13:23:27+00:00","description":"Download the Call of Duty logo embroidery design today and elevate your gaming gear.","breadcrumb":{"@id":"https:\/\/embroiderydownload.com\/it\/prodotti\/disegni-da-scaricare-gratis-per-macchina-da-ricamo-di-call-of-duty-da-scaricare\/#breadcrumb"},"inLanguage":"it-IT","potentialAction":[{"@type":"ReadAction","target":["https:\/\/embroiderydownload.com\/it\/prodotti\/disegni-da-scaricare-gratis-per-macchina-da-ricamo-di-call-of-duty-da-scaricare\/"]}]},{"@type":"BreadcrumbList","@id":"https:\/\/embroiderydownload.com\/it\/prodotti\/disegni-da-scaricare-gratis-per-macchina-da-ricamo-di-call-of-duty-da-scaricare\/#breadcrumb","itemListElement":[{"@type":"ListItem","position":1,"name":"Shop","item":"https:\/\/embroiderydownload.com\/it\/negozio-2\/"},{"@type":"ListItem","position":2,"name":"Call Of Duty Logo Embroidery Design Download"}]}]}},"_links":{"self":[{"href":"https:\/\/embroiderydownload.com\/it\/wp-json\/wp\/v2\/product\/81373"}],"collection":[{"href":"https:\/\/embroiderydownload.com\/it\/wp-json\/wp\/v2\/product"}],"about":[{"href":"https:\/\/embroiderydownload.com\/it\/wp-json\/wp\/v2\/types\/product"}],"version-history":[{"count":1,"href":"https:\/\/embroiderydownload.com\/it\/wp-json\/wp\/v2\/product\/81373\/revisions"}],"predecessor-version":[{"id":199804,"href":"https:\/\/embroiderydownload.com\/it\/wp-json\/wp\/v2\/product\/81373\/revisions\/199804"}],"wp:featuredmedia":[{"embeddable":true,"href":"https:\/\/embroiderydownload.com\/it\/wp-json\/wp\/v2\/media\/81374"}],"wp:attachment":[{"href":"https:\/\/embroiderydownload.com\/it\/wp-json\/wp\/v2\/media?parent=81373"}],"wp:term":[{"taxonomy":"product_cat","embeddable":true,"href":"https:\/\/embroiderydownload.com\/it\/wp-json\/wp\/v2\/product_cat?post=81373"},{"taxonomy":"product_tag","embeddable":true,"href":"https:\/\/embroiderydownload.com\/it\/wp-json\/wp\/v2\/product_tag?post=81373"}],"curies":[{"name":"wp","href":"https:\/\/api.w.org\/{rel}","templated":true}]}}