{"id":84262,"date":"2021-11-17T06:05:09","date_gmt":"2021-11-17T05:05:09","guid":{"rendered":"https:\/\/embroiderydownload.com\/product\/dream-symbol-in-japanese-kanji-embroidery-design-download\/"},"modified":"2023-03-23T14:23:09","modified_gmt":"2023-03-23T13:23:09","slug":"dream-symbol-in-japanese-kanji-embroidery-design-download","status":"publish","type":"product","link":"https:\/\/embroiderydownload.com\/it\/products\/simbolo-del-sogno-in-giapponese-kanji-disegno-ricamo-da-scaricare\/","title":{"rendered":"Simbolo del sogno in kanji giapponese Disegno Ricami Da Scaricare Gratis Per Macchina Da Ricamo"},"content":{"rendered":"<p>&nbsp;<\/p>\n<p><strong>Simbolo del sogno in kanji giapponese<\/strong>\u00a0per Download Istantaneo Digitale - Macchine da ricamo in pi\u00f9 formati. Ricami professionali di alta qualit\u00e0 testati.<\/p>\n<p>&nbsp;<\/p>\n<p>\u2605 Dimensioni: 0,87 \u00d7 0,85 pollici - 22,20 x 21,70 mm - Punti: 892<br \/>\n\u2605 Dimensioni: 1,31 \u00d7 1,28 pollici - 33,30 x 32,70 mm - Punti: 1258<br \/>\n\u2605 Dimensioni: 2,18 \u00d7 2,15 pollici - 55,50 x 54,70 mm - Punti: 2020<br \/>\n\u2605 Dimensioni: 3,05 \u00d7 3,00 pollici - 77,60 x 76,40 mm - Punti: 2759<\/p>\n<p>\u2605 Questo disegno include i formati successivi in un file ZIP scaricabile al momento dell'acquisto:<\/p>\n<ul>\n<li>Deco, Brother, Baby Lock: <strong>PCS<\/strong>,\u00a0<strong>PES<\/strong><\/li>\n<li>Husqvarna, Viking: <strong>HUS, SEW<\/strong><\/li>\n<li>Janome, Elna, Kenmore: <strong>JEF<\/strong><\/li>\n<li>Melco: <strong>EXP<\/strong><\/li>\n<li>Cantante:<strong> PCS<\/strong><\/li>\n<li>Compucon, Singer: <strong>XXX<\/strong><\/li>\n<li>Tajima: <strong>DST<\/strong><\/li>\n<li>Pfaff:<b> VIP, VP3<\/b><\/li>\n<\/ul>\n<p>&nbsp;<\/p>\n<p>Tutti i diritti d'autore e i marchi delle immagini e dei personaggi utilizzati appartengono ai rispettivi proprietari e non vengono venduti. Questo articolo non \u00e8 un prodotto su licenza e non rivendico la propriet\u00e0 dei personaggi utilizzati.<\/p>\n<p>&nbsp;<\/p>\n<p>\u2605 Questo disegno \u00e8 stato testato e revisionato per garantire la massima qualit\u00e0. I risultati possono variare a seconda della combinazione di tessuto e stabilizzatore. Il risultato finale pu\u00f2 dipendere dalla macchina, dal tessuto, dalla qualit\u00e0 e dalla tensione del filo. Non ridimensionare o modificare il file per non perdere la qualit\u00e0.<\/p>","protected":false},"excerpt":{"rendered":"<style>.elementor-204929 .elementor-element.elementor-element-95a9a0b{margin-top:0px;margin-bottom:0px;padding:0px 0px 0px 0px;overflow:visible;}.elementor-204929 .elementor-element.elementor-element-84e32b5 > .elementor-element-populated{margin:0px 0px 0px 0px;--e-column-margin-right:0px;--e-column-margin-left:0px;padding:0px 0px 0px 0px;}.elementor-204929 .elementor-element.elementor-element-4e302eb{text-align:left;}<\/style>\n<div class=\"porto-block elementor elementor-204929\" data-id=\"204929\">\n<section class=\"elementor-section elementor-top-section elementor-element elementor-element-95a9a0b elementor-section-full_width elementor-section-height-default elementor-section-height-default\" data-id=\"95a9a0b\" data-element_type=\"section\" data-settings=\"{&quot;ekit_has_onepagescroll_dot&quot;:&quot;yes&quot;}\">\n<div class=\"elementor-container elementor-column-gap-default\">\n<div class=\"elementor-column elementor-col-100 elementor-top-column elementor-element elementor-element-84e32b5\" data-id=\"84e32b5\" data-element_type=\"column\">\n<div class=\"elementor-widget-wrap elementor-element-populated\">\n<div class=\"elementor-element elementor-element-4e302eb elementor-widget elementor-widget-image\" data-id=\"4e302eb\" data-element_type=\"widget\" data-settings=\"{&quot;ekit_we_effect_on&quot;:&quot;none&quot;}\" data-widget_type=\"image.default\">\n<div class=\"elementor-widget-container\">\n<style>\/*! elementor - v3.12.1 - 02-04-2023 *\/\n.elementor-widget-image{text-align:center}.elementor-widget-image a{display:inline-block}.elementor-widget-image a img[src$=\".svg\"]{width:48px}.elementor-widget-image img{vertical-align:middle;display:inline-block}<\/style>\n<p>\t\t\t\t\t\t\t\t\t\t\t\t<img decoding=\"async\" width=\"300\" height=\"84\" src=\"https:\/\/embroiderydownload.com\/wp-content\/uploads\/2022\/11\/icons-values-eng.svg\" class=\"attachment-large size-large wp-image-204901\" alt=\"\" loading=\"lazy\" \/>\t\t\t\t\t\t\t\t\t\t\t\t\t\t\t<\/div>\n<\/p><\/div>\n<\/p><\/div>\n<\/p><\/div>\n<\/p><\/div>\n<\/section><\/div>","protected":false},"featured_media":84263,"template":"","meta":[],"product_cat":[12175],"product_tag":[38,600,232,233,234],"yoast_head":"<!-- This site is optimized with the Yoast SEO plugin v17.5 - https:\/\/yoast.com\/wordpress\/plugins\/seo\/ -->\n<title>Dream Symbol in Japanese Kanji Embroidery Design Download - EmbroideryDownload<\/title>\n<meta name=\"description\" content=\"Download now and discover the beauty of Japanese Kanji with our Dream Symbol embroidery design.\" \/>\n<meta name=\"robots\" content=\"index, follow, max-snippet:-1, max-image-preview:large, max-video-preview:-1\" \/>\n<link rel=\"canonical\" href=\"https:\/\/embroiderydownload.com\/it\/prodotti\/simbolo-del-sogno-in-giapponese-kanji-disegno-ricamo-da-scaricare\/\" \/>\n<meta property=\"og:locale\" content=\"it_IT\" \/>\n<meta property=\"og:type\" content=\"article\" \/>\n<meta property=\"og:title\" content=\"Dream Symbol in Japanese Kanji Embroidery Design Download - EmbroideryDownload\" \/>\n<meta property=\"og:description\" content=\"Download now and discover the beauty of Japanese Kanji with our Dream Symbol embroidery design.\" \/>\n<meta property=\"og:url\" content=\"https:\/\/embroiderydownload.com\/it\/prodotti\/simbolo-del-sogno-in-giapponese-kanji-disegno-ricamo-da-scaricare\/\" \/>\n<meta property=\"og:site_name\" content=\"EmbroideryDownload\" \/>\n<meta property=\"article:modified_time\" content=\"2023-03-23T13:23:09+00:00\" \/>\n<meta property=\"og:image\" content=\"https:\/\/embroiderydownload.com\/wp-content\/uploads\/2021\/10\/embroidery-design-logo-Recuperado-Recuperado_996d15f9-f863-4954-a326-ced68c28d96b-2.jpg\" \/>\n\t<meta property=\"og:image:width\" content=\"700\" \/>\n\t<meta property=\"og:image:height\" content=\"700\" \/>\n<meta name=\"twitter:card\" content=\"summary_large_image\" \/>\n<meta name=\"twitter:label1\" content=\"Prezzo\" \/>\n\t<meta name=\"twitter:data1\" content=\"&euro;1.99\" \/>\n\t<meta name=\"twitter:label2\" content=\"Availability\" \/>\n\t<meta name=\"twitter:data2\" content=\"In stock\" \/>\n<script type=\"application\/ld+json\" class=\"yoast-schema-graph\">{\"@context\":\"https:\/\/schema.org\",\"@graph\":[{\"@type\":\"WebSite\",\"@id\":\"https:\/\/embroiderydownload.com\/fr\/#website\",\"url\":\"https:\/\/embroiderydownload.com\/fr\/\",\"name\":\"EmbroideryDownload\",\"description\":\"Embroidery Designs Instant Digital Download\",\"potentialAction\":[{\"@type\":\"SearchAction\",\"target\":{\"@type\":\"EntryPoint\",\"urlTemplate\":\"https:\/\/embroiderydownload.com\/fr\/?s={search_term_string}\"},\"query-input\":\"required name=search_term_string\"}],\"inLanguage\":\"it-IT\"},{\"@type\":\"ImageObject\",\"@id\":\"https:\/\/embroiderydownload.com\/it\/prodotti\/simbolo-del-sogno-in-giapponese-kanji-disegno-ricamo-da-scaricare\/#primaryimage\",\"inLanguage\":\"it-IT\",\"url\":\"https:\/\/embroiderydownload.com\/wp-content\/uploads\/2021\/10\/embroidery-design-logo-Recuperado-Recuperado_996d15f9-f863-4954-a326-ced68c28d96b-2.jpg\",\"contentUrl\":\"https:\/\/embroiderydownload.com\/wp-content\/uploads\/2021\/10\/embroidery-design-logo-Recuperado-Recuperado_996d15f9-f863-4954-a326-ced68c28d96b-2.jpg\",\"width\":700,\"height\":700},{\"@type\":\"WebPage\",\"@id\":\"https:\/\/embroiderydownload.com\/it\/prodotti\/simbolo-del-sogno-in-giapponese-kanji-disegno-ricamo-da-scaricare\/#webpage\",\"url\":\"https:\/\/embroiderydownload.com\/it\/prodotti\/simbolo-del-sogno-in-giapponese-kanji-disegno-ricamo-da-scaricare\/\",\"name\":\"Dream Symbol in Japanese Kanji Embroidery Design Download - EmbroideryDownload\",\"isPartOf\":{\"@id\":\"https:\/\/embroiderydownload.com\/fr\/#website\"},\"primaryImageOfPage\":{\"@id\":\"https:\/\/embroiderydownload.com\/it\/prodotti\/simbolo-del-sogno-in-giapponese-kanji-disegno-ricamo-da-scaricare\/#primaryimage\"},\"datePublished\":\"2021-11-17T05:05:09+00:00\",\"dateModified\":\"2023-03-23T13:23:09+00:00\",\"description\":\"Download now and discover the beauty of Japanese Kanji with our Dream Symbol embroidery design.\",\"breadcrumb\":{\"@id\":\"https:\/\/embroiderydownload.com\/it\/prodotti\/simbolo-del-sogno-in-giapponese-kanji-disegno-ricamo-da-scaricare\/#breadcrumb\"},\"inLanguage\":\"it-IT\",\"potentialAction\":[{\"@type\":\"ReadAction\",\"target\":[\"https:\/\/embroiderydownload.com\/it\/prodotti\/simbolo-del-sogno-in-giapponese-kanji-disegno-ricamo-da-scaricare\/\"]}]},{\"@type\":\"BreadcrumbList\",\"@id\":\"https:\/\/embroiderydownload.com\/it\/prodotti\/simbolo-del-sogno-in-giapponese-kanji-disegno-ricamo-da-scaricare\/#breadcrumb\",\"itemListElement\":[{\"@type\":\"ListItem\",\"position\":1,\"name\":\"Shop\",\"item\":\"https:\/\/embroiderydownload.com\/it\/negozio-2\/\"},{\"@type\":\"ListItem\",\"position\":2,\"name\":\"Dream Symbol in Japanese Kanji Embroidery Design Download\"}]}]}<\/script>\n<!-- \/ Yoast SEO plugin. -->","yoast_head_json":{"title":"Dream Symbol in Japanese Kanji Embroidery Design Download - EmbroideryDownload","description":"Download now and discover the beauty of Japanese Kanji with our Dream Symbol embroidery design.","robots":{"index":"index","follow":"follow","max-snippet":"max-snippet:-1","max-image-preview":"max-image-preview:large","max-video-preview":"max-video-preview:-1"},"canonical":"https:\/\/embroiderydownload.com\/it\/prodotti\/simbolo-del-sogno-in-giapponese-kanji-disegno-ricamo-da-scaricare\/","og_locale":"it_IT","og_type":"article","og_title":"Dream Symbol in Japanese Kanji Embroidery Design Download - EmbroideryDownload","og_description":"Download now and discover the beauty of Japanese Kanji with our Dream Symbol embroidery design.","og_url":"https:\/\/embroiderydownload.com\/it\/prodotti\/simbolo-del-sogno-in-giapponese-kanji-disegno-ricamo-da-scaricare\/","og_site_name":"EmbroideryDownload","article_modified_time":"2023-03-23T13:23:09+00:00","og_image":[{"width":700,"height":700,"url":"https:\/\/embroiderydownload.com\/wp-content\/uploads\/2021\/10\/embroidery-design-logo-Recuperado-Recuperado_996d15f9-f863-4954-a326-ced68c28d96b-2.jpg","type":"image\/jpeg"}],"twitter_card":"summary_large_image","twitter_misc":{"Prezzo":"&euro;1.99","Availability":"In stock"},"schema":{"@context":"https:\/\/schema.org","@graph":[{"@type":"WebSite","@id":"https:\/\/embroiderydownload.com\/fr\/#website","url":"https:\/\/embroiderydownload.com\/fr\/","name":"EmbroideryDownload","description":"Embroidery Designs Instant Digital Download","potentialAction":[{"@type":"SearchAction","target":{"@type":"EntryPoint","urlTemplate":"https:\/\/embroiderydownload.com\/fr\/?s={search_term_string}"},"query-input":"required name=search_term_string"}],"inLanguage":"it-IT"},{"@type":"ImageObject","@id":"https:\/\/embroiderydownload.com\/it\/prodotti\/simbolo-del-sogno-in-giapponese-kanji-disegno-ricamo-da-scaricare\/#primaryimage","inLanguage":"it-IT","url":"https:\/\/embroiderydownload.com\/wp-content\/uploads\/2021\/10\/embroidery-design-logo-Recuperado-Recuperado_996d15f9-f863-4954-a326-ced68c28d96b-2.jpg","contentUrl":"https:\/\/embroiderydownload.com\/wp-content\/uploads\/2021\/10\/embroidery-design-logo-Recuperado-Recuperado_996d15f9-f863-4954-a326-ced68c28d96b-2.jpg","width":700,"height":700},{"@type":"WebPage","@id":"https:\/\/embroiderydownload.com\/it\/prodotti\/simbolo-del-sogno-in-giapponese-kanji-disegno-ricamo-da-scaricare\/#webpage","url":"https:\/\/embroiderydownload.com\/it\/prodotti\/simbolo-del-sogno-in-giapponese-kanji-disegno-ricamo-da-scaricare\/","name":"Dream Symbol in Japanese Kanji Embroidery Design Download - EmbroideryDownload","isPartOf":{"@id":"https:\/\/embroiderydownload.com\/fr\/#website"},"primaryImageOfPage":{"@id":"https:\/\/embroiderydownload.com\/it\/prodotti\/simbolo-del-sogno-in-giapponese-kanji-disegno-ricamo-da-scaricare\/#primaryimage"},"datePublished":"2021-11-17T05:05:09+00:00","dateModified":"2023-03-23T13:23:09+00:00","description":"Download now and discover the beauty of Japanese Kanji with our Dream Symbol embroidery design.","breadcrumb":{"@id":"https:\/\/embroiderydownload.com\/it\/prodotti\/simbolo-del-sogno-in-giapponese-kanji-disegno-ricamo-da-scaricare\/#breadcrumb"},"inLanguage":"it-IT","potentialAction":[{"@type":"ReadAction","target":["https:\/\/embroiderydownload.com\/it\/prodotti\/simbolo-del-sogno-in-giapponese-kanji-disegno-ricamo-da-scaricare\/"]}]},{"@type":"BreadcrumbList","@id":"https:\/\/embroiderydownload.com\/it\/prodotti\/simbolo-del-sogno-in-giapponese-kanji-disegno-ricamo-da-scaricare\/#breadcrumb","itemListElement":[{"@type":"ListItem","position":1,"name":"Shop","item":"https:\/\/embroiderydownload.com\/it\/negozio-2\/"},{"@type":"ListItem","position":2,"name":"Dream Symbol in Japanese Kanji Embroidery Design Download"}]}]}},"_links":{"self":[{"href":"https:\/\/embroiderydownload.com\/it\/wp-json\/wp\/v2\/product\/84262"}],"collection":[{"href":"https:\/\/embroiderydownload.com\/it\/wp-json\/wp\/v2\/product"}],"about":[{"href":"https:\/\/embroiderydownload.com\/it\/wp-json\/wp\/v2\/types\/product"}],"version-history":[{"count":1,"href":"https:\/\/embroiderydownload.com\/it\/wp-json\/wp\/v2\/product\/84262\/revisions"}],"predecessor-version":[{"id":199686,"href":"https:\/\/embroiderydownload.com\/it\/wp-json\/wp\/v2\/product\/84262\/revisions\/199686"}],"wp:featuredmedia":[{"embeddable":true,"href":"https:\/\/embroiderydownload.com\/it\/wp-json\/wp\/v2\/media\/84263"}],"wp:attachment":[{"href":"https:\/\/embroiderydownload.com\/it\/wp-json\/wp\/v2\/media?parent=84262"}],"wp:term":[{"taxonomy":"product_cat","embeddable":true,"href":"https:\/\/embroiderydownload.com\/it\/wp-json\/wp\/v2\/product_cat?post=84262"},{"taxonomy":"product_tag","embeddable":true,"href":"https:\/\/embroiderydownload.com\/it\/wp-json\/wp\/v2\/product_tag?post=84262"}],"curies":[{"name":"wp","href":"https:\/\/api.w.org\/{rel}","templated":true}]}}